{"id":55,"date":"2020-12-02T00:26:47","date_gmt":"2020-12-01T23:26:47","guid":{"rendered":"https:\/\/www.beta.arrabonavill.hu\/?page_id=55"},"modified":"2026-02-21T13:08:56","modified_gmt":"2026-02-21T12:08:56","slug":"gyengearam","status":"publish","type":"page","link":"https:\/\/www.arrabonavill.hu\/en\/gyengearam\/","title":{"rendered":"Low current systems"},"content":{"rendered":"<div data-elementor-type=\"wp-page\" data-elementor-id=\"55\" class=\"elementor elementor-55\" data-elementor-settings=\"[]\">\n\t\t\t\t\t\t<div class=\"elementor-inner\">\n\t\t\t\t\t\t\t<div class=\"elementor-section-wrap\">\n\t\t\t\t\t\t\t<section class=\"elementor-section elementor-top-section elementor-element elementor-element-c0c06a7 elementor-section-height-min-height animated-fast elementor-section-boxed elementor-section-height-default elementor-section-items-middle elementor-invisible\" data-id=\"c0c06a7\" data-element_type=\"section\" data-settings=\"{&quot;shape_divider_top&quot;:&quot;tilt&quot;,&quot;animation&quot;:&quot;slideInDown&quot;}\">\n\t\t\t\t\t<div class=\"elementor-shape elementor-shape-top\" data-negative=\"false\">\n\t\t\t<svg xmlns=\"http:\/\/www.w3.org\/2000\/svg\" viewbox=\"0 0 1000 100\" preserveaspectratio=\"none\">\n\t<path class=\"elementor-shape-fill\" d=\"M0,6V0h1000v100L0,6z\"\/>\n<\/svg>\t\t<\/div>\n\t\t\t\t\t<div class=\"elementor-container elementor-column-gap-default\">\n\t\t\t\t\t\t\t<div class=\"elementor-row\">\n\t\t\t\t\t<div class=\"elementor-column elementor-col-100 elementor-top-column elementor-element elementor-element-8409bae\" data-id=\"8409bae\" data-element_type=\"column\">\n\t\t\t<div class=\"elementor-column-wrap\">\n\t\t\t\t\t\t\t<div class=\"elementor-widget-wrap\">\n\t\t\t\t\t\t\t\t<\/div>\n\t\t\t\t\t<\/div>\n\t\t<\/div>\n\t\t\t\t\t\t\t\t<\/div>\n\t\t\t\t\t<\/div>\n\t\t<\/section>\n\t\t\t\t<section class=\"elementor-section elementor-top-section elementor-element elementor-element-c583b54 elementor-section-height-min-height elementor-section-content-middle page-content2 elementor-section-items-top elementor-section-boxed elementor-section-height-default elementor-invisible\" data-id=\"c583b54\" data-element_type=\"section\" data-settings=\"{&quot;animation&quot;:&quot;fadeIn&quot;}\">\n\t\t\t\t\t\t<div class=\"elementor-container elementor-column-gap-default\">\n\t\t\t\t\t\t\t<div class=\"elementor-row\">\n\t\t\t\t\t<div class=\"elementor-column elementor-col-100 elementor-top-column elementor-element elementor-element-832330d\" data-id=\"832330d\" data-element_type=\"column\">\n\t\t\t<div class=\"elementor-column-wrap elementor-element-populated\">\n\t\t\t\t\t\t\t<div class=\"elementor-widget-wrap\">\n\t\t\t\t\t\t<section class=\"elementor-section elementor-inner-section elementor-element elementor-element-60b3764 elementor-section-content-middle elementor-section-boxed elementor-section-height-default elementor-section-height-default\" data-id=\"60b3764\" data-element_type=\"section\">\n\t\t\t\t\t\t<div class=\"elementor-container elementor-column-gap-default\">\n\t\t\t\t\t\t\t<div class=\"elementor-row\">\n\t\t\t\t\t<div class=\"elementor-column elementor-col-50 elementor-inner-column elementor-element elementor-element-d3aa9c4\" data-id=\"d3aa9c4\" data-element_type=\"column\">\n\t\t\t<div class=\"elementor-column-wrap elementor-element-populated\">\n\t\t\t\t\t\t\t<div class=\"elementor-widget-wrap\">\n\t\t\t\t\t\t<div class=\"elementor-element elementor-element-9539c7b elementor-widget elementor-widget-heading\" data-id=\"9539c7b\" data-element_type=\"widget\" data-widget_type=\"heading.default\">\n\t\t\t\t<div class=\"elementor-widget-container\">\n\t\t\t<h2 class=\"elementor-heading-title elementor-size-default\">Low-voltage systems<\/h2>\t\t<\/div>\n\t\t\t\t<\/div>\n\t\t\t\t<div class=\"elementor-element elementor-element-b96032c elementor-widget-divider--view-line elementor-widget elementor-widget-divider\" data-id=\"b96032c\" data-element_type=\"widget\" data-widget_type=\"divider.default\">\n\t\t\t\t<div class=\"elementor-widget-container\">\n\t\t\t\t\t<div class=\"elementor-divider\">\n\t\t\t<span class=\"elementor-divider-separator\">\n\t\t\t\t\t\t<\/span>\n\t\t<\/div>\n\t\t\t\t<\/div>\n\t\t\t\t<\/div>\n\t\t\t\t<div class=\"elementor-element elementor-element-12e370a elementor-widget elementor-widget-text-editor\" data-id=\"12e370a\" data-element_type=\"widget\" data-widget_type=\"text-editor.default\">\n\t\t\t\t<div class=\"elementor-widget-container\">\n\t\t\t\t\t<div class=\"elementor-text-editor elementor-clearfix\"><p>Low-voltage systems are now an essential part of investment, whether it is the construction of a family house, a hotel or other industrial facility, or an office building or public institution. We undertake the complete construction of low-voltage networks: intelligent fire alarm systems, intrusion protection, access control systems, barriers, external and internal camera surveillance systems, internal TV networks, CO-signaling systems, public address, computer networks (with passive and active elements), telephone networks with control panel and devices, nurse call systems, delivery and installation.<\/p><\/div>\n\t\t\t\t<\/div>\n\t\t\t\t<\/div>\n\t\t\t\t\t\t<\/div>\n\t\t\t\t\t<\/div>\n\t\t<\/div>\n\t\t\t\t<div class=\"elementor-column elementor-col-50 elementor-inner-column elementor-element elementor-element-959b98e\" data-id=\"959b98e\" data-element_type=\"column\">\n\t\t\t<div class=\"elementor-column-wrap elementor-element-populated\">\n\t\t\t\t\t\t\t<div class=\"elementor-widget-wrap\">\n\t\t\t\t\t\t<div class=\"elementor-element elementor-element-8f6dad4 elementor-widget elementor-widget-image\" data-id=\"8f6dad4\" data-element_type=\"widget\" data-settings=\"{&quot;motion_fx_motion_fx_mouse&quot;:&quot;yes&quot;,&quot;motion_fx_tilt_effect&quot;:&quot;yes&quot;,&quot;motion_fx_tilt_speed&quot;:{&quot;unit&quot;:&quot;px&quot;,&quot;size&quot;:1,&quot;sizes&quot;:[]}}\" data-widget_type=\"image.default\">\n\t\t\t\t<div class=\"elementor-widget-container\">\n\t\t\t\t\t<div class=\"elementor-image\">\n\t\t\t\t\t\t\t\t\t\t<img loading=\"lazy\" decoding=\"async\" width=\"600\" height=\"400\" src=\"https:\/\/www.arrabonavill.hu\/wp-content\/uploads\/2020\/12\/gyenge.jpg\" class=\"attachment-large size-large\" alt=\"gyenge\u00e1ram\" srcset=\"https:\/\/www.arrabonavill.hu\/wp-content\/uploads\/2020\/12\/gyenge.jpg 600w, https:\/\/www.arrabonavill.hu\/wp-content\/uploads\/2020\/12\/gyenge-300x200.jpg 300w\" sizes=\"auto, (max-width: 600px) 100vw, 600px\" \/>\t\t\t\t\t\t\t\t\t\t\t<\/div>\n\t\t\t\t<\/div>\n\t\t\t\t<\/div>\n\t\t\t\t<div class=\"elementor-element elementor-element-e495810 elementor-hidden-desktop elementor-widget elementor-widget-spacer\" data-id=\"e495810\" data-element_type=\"widget\" data-widget_type=\"spacer.default\">\n\t\t\t\t<div class=\"elementor-widget-container\">\n\t\t\t\t\t<div class=\"elementor-spacer\">\n\t\t\t<div class=\"elementor-spacer-inner\"><\/div>\n\t\t<\/div>\n\t\t\t\t<\/div>\n\t\t\t\t<\/div>\n\t\t\t\t\t\t<\/div>\n\t\t\t\t\t<\/div>\n\t\t<\/div>\n\t\t\t\t\t\t\t\t<\/div>\n\t\t\t\t\t<\/div>\n\t\t<\/section>\n\t\t\t\t\t\t<\/div>\n\t\t\t\t\t<\/div>\n\t\t<\/div>\n\t\t\t\t\t\t\t\t<\/div>\n\t\t\t\t\t<\/div>\n\t\t<\/section>\n\t\t\t\t\t\t<\/div>\n\t\t\t\t\t\t<\/div>\n\t\t\t\t\t<\/div>","protected":false},"excerpt":{"rendered":"<p>Gyenge\u00e1ram\u00fa rendszerek A gyenge\u00e1ram\u00fa rendszerek ma m\u00e1r n\u00e9lk\u00fcl\u00f6zhetetlen r\u00e9szei a beruh\u00e1z\u00e1soknak legyen sz\u00f3 ak\u00e1r egy csal\u00e1di h\u00e1z, ak\u00e1r egy hotel vagy egy\u00e9b ipari l\u00e9tes\u00edtm\u00e9ny, illetve irodah\u00e1z vagy k\u00f6zint\u00e9zm\u00e9ny \u00e9p\u00edt\u00e9s\u00e9r\u0151l. V\u00e1llaljuk a gyenge\u00e1ram\u00fa h\u00e1l\u00f3zatok komplett ki\u00e9p\u00edt\u00e9s\u00e9t: intelligens t\u0171zjelz\u0151 rendszerek kialak\u00edt\u00e1s\u00e1t, behatol\u00e1sv\u00e9delem, bel\u00e9ptet\u0151 rendszerek, soromp\u00f3k, k\u00fcls\u0151 \u00e9s bels\u0151 kamer\u00e1s megfigyel\u0151rendszerek, bels\u0151 TV h\u00e1l\u00f3zatok, CO-jelz\u0151 rendszerek, hangos\u00edt\u00e1s, sz\u00e1m\u00edt\u00f3g\u00e9pes [&hellip;]<\/p>","protected":false},"author":1,"featured_media":0,"parent":0,"menu_order":0,"comment_status":"closed","ping_status":"closed","template":"elementor_header_footer","meta":{"footnotes":""},"class_list":["post-55","page","type-page","status-publish","hentry"],"_links":{"self":[{"href":"https:\/\/www.arrabonavill.hu\/en\/wp-json\/wp\/v2\/pages\/55","targetHints":{"allow":["GET"]}}],"collection":[{"href":"https:\/\/www.arrabonavill.hu\/en\/wp-json\/wp\/v2\/pages"}],"about":[{"href":"https:\/\/www.arrabonavill.hu\/en\/wp-json\/wp\/v2\/types\/page"}],"author":[{"embeddable":true,"href":"https:\/\/www.arrabonavill.hu\/en\/wp-json\/wp\/v2\/users\/1"}],"replies":[{"embeddable":true,"href":"https:\/\/www.arrabonavill.hu\/en\/wp-json\/wp\/v2\/comments?post=55"}],"version-history":[{"count":0,"href":"https:\/\/www.arrabonavill.hu\/en\/wp-json\/wp\/v2\/pages\/55\/revisions"}],"wp:attachment":[{"href":"https:\/\/www.arrabonavill.hu\/en\/wp-json\/wp\/v2\/media?parent=55"}],"curies":[{"name":"wp","href":"https:\/\/api.w.org\/{rel}","templated":true}]}}