{"id":49,"date":"2020-12-02T00:25:55","date_gmt":"2020-12-01T23:25:55","guid":{"rendered":"https:\/\/www.beta.arrabonavill.hu\/?page_id=49"},"modified":"2026-02-15T16:15:28","modified_gmt":"2026-02-15T15:15:28","slug":"szakmai-jogosultsagok","status":"publish","type":"page","link":"https:\/\/www.arrabonavill.hu\/en\/szakmai-jogosultsagok\/","title":{"rendered":"Competencies"},"content":{"rendered":"<div data-elementor-type=\"wp-page\" data-elementor-id=\"49\" class=\"elementor elementor-49\" data-elementor-settings=\"[]\">\n\t\t\t\t\t\t<div class=\"elementor-inner\">\n\t\t\t\t\t\t\t<div class=\"elementor-section-wrap\">\n\t\t\t\t\t\t\t<section class=\"elementor-section elementor-top-section elementor-element elementor-element-4887bf9 elementor-section-height-min-height animated-fast elementor-section-boxed elementor-section-height-default elementor-section-items-middle elementor-invisible\" data-id=\"4887bf9\" data-element_type=\"section\" data-settings=\"{&quot;shape_divider_top&quot;:&quot;tilt&quot;,&quot;animation&quot;:&quot;slideInDown&quot;}\">\n\t\t\t\t\t<div class=\"elementor-shape elementor-shape-top\" data-negative=\"false\">\n\t\t\t<svg xmlns=\"http:\/\/www.w3.org\/2000\/svg\" viewbox=\"0 0 1000 100\" preserveaspectratio=\"none\">\n\t<path class=\"elementor-shape-fill\" d=\"M0,6V0h1000v100L0,6z\"\/>\n<\/svg>\t\t<\/div>\n\t\t\t\t\t<div class=\"elementor-container elementor-column-gap-default\">\n\t\t\t\t\t\t\t<div class=\"elementor-row\">\n\t\t\t\t\t<div class=\"elementor-column elementor-col-100 elementor-top-column elementor-element elementor-element-c50bb5a\" data-id=\"c50bb5a\" data-element_type=\"column\">\n\t\t\t<div class=\"elementor-column-wrap\">\n\t\t\t\t\t\t\t<div class=\"elementor-widget-wrap\">\n\t\t\t\t\t\t\t\t<\/div>\n\t\t\t\t\t<\/div>\n\t\t<\/div>\n\t\t\t\t\t\t\t\t<\/div>\n\t\t\t\t\t<\/div>\n\t\t<\/section>\n\t\t\t\t<section class=\"elementor-section elementor-top-section elementor-element elementor-element-9147d85 elementor-section-height-min-height elementor-section-content-middle page-content2 elementor-section-boxed elementor-section-height-default elementor-section-items-middle elementor-invisible\" data-id=\"9147d85\" data-element_type=\"section\" data-settings=\"{&quot;animation&quot;:&quot;fadeIn&quot;}\">\n\t\t\t\t\t\t<div class=\"elementor-container elementor-column-gap-default\">\n\t\t\t\t\t\t\t<div class=\"elementor-row\">\n\t\t\t\t\t<div class=\"elementor-column elementor-col-100 elementor-top-column elementor-element elementor-element-764eb39\" data-id=\"764eb39\" data-element_type=\"column\">\n\t\t\t<div class=\"elementor-column-wrap elementor-element-populated\">\n\t\t\t\t\t\t\t<div class=\"elementor-widget-wrap\">\n\t\t\t\t\t\t<section class=\"elementor-section elementor-inner-section elementor-element elementor-element-b1cb6ee elementor-section-boxed elementor-section-height-default elementor-section-height-default\" data-id=\"b1cb6ee\" data-element_type=\"section\">\n\t\t\t\t\t\t<div class=\"elementor-container elementor-column-gap-default\">\n\t\t\t\t\t\t\t<div class=\"elementor-row\">\n\t\t\t\t\t<div class=\"elementor-column elementor-col-50 elementor-inner-column elementor-element elementor-element-925cebd\" data-id=\"925cebd\" data-element_type=\"column\">\n\t\t\t<div class=\"elementor-column-wrap elementor-element-populated\">\n\t\t\t\t\t\t\t<div class=\"elementor-widget-wrap\">\n\t\t\t\t\t\t<div class=\"elementor-element elementor-element-6f0ffad elementor-widget elementor-widget-heading\" data-id=\"6f0ffad\" data-element_type=\"widget\" data-widget_type=\"heading.default\">\n\t\t\t\t<div class=\"elementor-widget-container\">\n\t\t\t<h2 class=\"elementor-heading-title elementor-size-default\">Competencies<\/h2>\t\t<\/div>\n\t\t\t\t<\/div>\n\t\t\t\t<div class=\"elementor-element elementor-element-21812c5 elementor-widget-divider--view-line elementor-widget elementor-widget-divider\" data-id=\"21812c5\" data-element_type=\"widget\" data-widget_type=\"divider.default\">\n\t\t\t\t<div class=\"elementor-widget-container\">\n\t\t\t\t\t<div class=\"elementor-divider\">\n\t\t\t<span class=\"elementor-divider-separator\">\n\t\t\t\t\t\t<\/span>\n\t\t<\/div>\n\t\t\t\t<\/div>\n\t\t\t\t<\/div>\n\t\t\t\t<div class=\"elementor-element elementor-element-c446e1b elementor-widget elementor-widget-text-editor\" data-id=\"c446e1b\" data-element_type=\"widget\" data-widget_type=\"text-editor.default\">\n\t\t\t\t<div class=\"elementor-widget-container\">\n\t\t\t\t\t<div class=\"elementor-text-editor elementor-clearfix\"><h5>Responsible technical management<\/h5><p>The Basic Law on Construction, Act LXXVIII of 1997 on the Shaping and Protection of the Built Environment. Act (\u00c9tv.) provides for the responsible technical manager's task, responsibility, and the conditions for the continuation of the activity. The Eve. defines the concept of responsible technical management activity, the range of natural and legal persons or organizations without legal personality engaged in the activity. According to the statutory definition, the responsible technical management activity is the management of the construction activity.<br \/>Hungarian Chamber of Engineers number: <strong>FMV \u2013 \u00c9p\/\u00c9V- 08-5373<\/strong><\/p><\/div>\n\t\t\t\t<\/div>\n\t\t\t\t<\/div>\n\t\t\t\t\t\t<\/div>\n\t\t\t\t\t<\/div>\n\t\t<\/div>\n\t\t\t\t<div class=\"elementor-column elementor-col-50 elementor-inner-column elementor-element elementor-element-8ee21f5\" data-id=\"8ee21f5\" data-element_type=\"column\">\n\t\t\t<div class=\"elementor-column-wrap elementor-element-populated\">\n\t\t\t\t\t\t\t<div class=\"elementor-widget-wrap\">\n\t\t\t\t\t\t<div class=\"elementor-element elementor-element-cfc5056 elementor-widget elementor-widget-image\" data-id=\"cfc5056\" data-element_type=\"widget\" data-settings=\"{&quot;motion_fx_motion_fx_mouse&quot;:&quot;yes&quot;,&quot;motion_fx_tilt_effect&quot;:&quot;yes&quot;,&quot;motion_fx_tilt_speed&quot;:{&quot;unit&quot;:&quot;px&quot;,&quot;size&quot;:1,&quot;sizes&quot;:[]}}\" data-widget_type=\"image.default\">\n\t\t\t\t<div class=\"elementor-widget-container\">\n\t\t\t\t\t<div class=\"elementor-image\">\n\t\t\t\t\t\t\t\t\t\t<img loading=\"lazy\" decoding=\"async\" width=\"800\" height=\"514\" src=\"https:\/\/www.arrabonavill.hu\/wp-content\/uploads\/2020\/12\/project-1024x658.png\" class=\"attachment-large size-large\" alt=\"\" srcset=\"https:\/\/www.arrabonavill.hu\/wp-content\/uploads\/2020\/12\/project-1024x658.png 1024w, https:\/\/www.arrabonavill.hu\/wp-content\/uploads\/2020\/12\/project-300x193.png 300w, https:\/\/www.arrabonavill.hu\/wp-content\/uploads\/2020\/12\/project-768x494.png 768w, https:\/\/www.arrabonavill.hu\/wp-content\/uploads\/2020\/12\/project-1536x987.png 1536w, https:\/\/www.arrabonavill.hu\/wp-content\/uploads\/2020\/12\/project.png 1895w\" sizes=\"auto, (max-width: 800px) 100vw, 800px\" \/>\t\t\t\t\t\t\t\t\t\t\t<\/div>\n\t\t\t\t<\/div>\n\t\t\t\t<\/div>\n\t\t\t\t\t\t<\/div>\n\t\t\t\t\t<\/div>\n\t\t<\/div>\n\t\t\t\t\t\t\t\t<\/div>\n\t\t\t\t\t<\/div>\n\t\t<\/section>\n\t\t\t\t<div class=\"elementor-element elementor-element-303de8d elementor-widget elementor-widget-text-editor\" data-id=\"303de8d\" data-element_type=\"widget\" data-widget_type=\"text-editor.default\">\n\t\t\t\t<div class=\"elementor-widget-container\">\n\t\t\t\t\t<div class=\"elementor-text-editor elementor-clearfix\"><h5>Construction technical inspection authority<\/h5>\n<p>The Basic Law on Construction, Act LXXVIII of 1997 on the Shaping and Protection of the Built Environment. Act (\u00c9tv.) provides for the task and responsibility of the construction shift inspector and the conditions for the continuation of the activity. The Eve. defines the concept of construction technical inspection activity, the range of natural and legal persons or organizations without legal personality carrying out the activity. According to the statutory definition, the activity of a construction technical inspector as the on-site agent of the builder is provided by \u00c9tv. and performing the tasks specified in the legislation issued on the basis of its authorization, primarily the professionalism of the construction and its implementation according to plan. The construction technical inspector is an important player in the construction process, and promotes and monitors compliance with the relevant legislation, official regulations, standards, contracts and construction documentation throughout the construction construction activity.<br>Hungarian Chamber of Engineers number: <strong>\u00c9ME -\u00c9V- 08-5373<\/strong><\/p>\n<h5>Investment manager entitlement<\/h5>\n<p>The Basic Law on Construction, Act LXXVIII of 1997 on the Shaping and Protection of the Built Environment. Act (\u00c9tv.) provides for the task and responsibility of the investment manager and the conditions for the continuation of the activity. The Eve. defines the concept of investment management activity, the range of natural and legal persons or organizations without legal personality carrying out the activity. According to the legal definition, the activity of investment management is the performance of the builder's tasks on behalf of the builder.<br>An investment activity may be carried out only by a person who notifies the body managing the list of its intention to do so. The condition for the notification and the continuation of the activity is that the person carrying out the investment management activity is not subject to the prohibition from employment that excludes such activity, has a criminal record and has the provisions of the \u00c9tv. with a specialist qualification and professional practice specified in a government decree issued on the basis of its authorization and meets the other conditions specified therein.<br>A legal person or an organization without legal personality may perform an investment management activity if its member or another person in a legal relationship with whom he or she has an employment relationship is entitled to continue the given activity, and this member or person participates in the performance of the activity.<br>Budapest University of Technology and Economics:&nbsp;<strong>02-042-207\/2013<\/strong><\/p>\n<p>MKIK number:<br><strong>18A1825257<\/strong><\/p>\n<p><strong><em>e-on<\/em><\/strong>&nbsp;Company registered by e-on:<br><strong>VETr 04712<\/strong><\/p>\n<p>Touch protection review:<br><strong>\u00c9V- 0002\/2005<\/strong><br><strong>2019\/VBSZ-\u00c9VF-324<\/strong><\/p>\n<p>Lightning protection inspection of buildings and structures:<br><strong>VV- 6\/44\/6\/2005<\/strong><\/p>\n<p>Complex lightning protection review:<br><strong>VV08\/03\/2013<\/strong><br><strong>2019\/VBSZ-VV-244<\/strong><\/p>\n<p>Power Equipment Review:<br><strong>EBF-0051\/2005<\/strong><br><strong>2019\/VBSZ-EBF-271<\/strong><\/p>\n<p>Fire protection exam Power equipment:<br><strong>DA-30\/047-14\/87\/2018<\/strong><\/p><\/div>\n\t\t\t\t<\/div>\n\t\t\t\t<\/div>\n\t\t\t\t<div class=\"elementor-element elementor-element-3d8c2b5 elementor-widget elementor-widget-spacer\" data-id=\"3d8c2b5\" data-element_type=\"widget\" data-widget_type=\"spacer.default\">\n\t\t\t\t<div class=\"elementor-widget-container\">\n\t\t\t\t\t<div class=\"elementor-spacer\">\n\t\t\t<div class=\"elementor-spacer-inner\"><\/div>\n\t\t<\/div>\n\t\t\t\t<\/div>\n\t\t\t\t<\/div>\n\t\t\t\t\t\t<\/div>\n\t\t\t\t\t<\/div>\n\t\t<\/div>\n\t\t\t\t\t\t\t\t<\/div>\n\t\t\t\t\t<\/div>\n\t\t<\/section>\n\t\t\t\t\t\t<\/div>\n\t\t\t\t\t\t<\/div>\n\t\t\t\t\t<\/div>","protected":false},"excerpt":{"rendered":"<p>Szakmai jogosults\u00e1gok Felel\u0151s m\u0171szaki vezet\u0151i jogosults\u00e1g Az \u00e9p\u00edt\u00e9s\u00fcgy alapt\u00f6rv\u00e9nye, az \u00e9p\u00edtett k\u00f6rnyezet alak\u00edt\u00e1s\u00e1r\u00f3l \u00e9s v\u00e9delm\u00e9r\u0151l sz\u00f3l\u00f3 1997. \u00e9vi LXXVIII. t\u00f6rv\u00e9ny(\u00c9tv.) rendelkezik a felel\u0151s m\u0171szaki vezet\u0151feladat\u00e1r\u00f3l, felel\u0151ss\u00e9g\u00e9r\u0151l, \u00e9s a tev\u00e9kenys\u00e9g folytat\u00e1s\u00e1nak felt\u00e9teleir\u0151l. Az \u00c9tv. meghat\u00e1rozza a felel\u0151s m\u0171szaki vezet\u0151i tev\u00e9kenys\u00e9g fogalm\u00e1t, a tev\u00e9kenys\u00e9get folytat\u00f3 term\u00e9szetes, \u00e9s jogi szem\u00e9lyek, illet\u0151leg jogi szem\u00e9lyis\u00e9ggel nem rendelkez\u0151 szervezetek k\u00f6r\u00e9t is. [&hellip;]<\/p>","protected":false},"author":1,"featured_media":0,"parent":0,"menu_order":0,"comment_status":"closed","ping_status":"closed","template":"elementor_header_footer","meta":{"footnotes":""},"class_list":["post-49","page","type-page","status-publish","hentry"],"_links":{"self":[{"href":"https:\/\/www.arrabonavill.hu\/en\/wp-json\/wp\/v2\/pages\/49","targetHints":{"allow":["GET"]}}],"collection":[{"href":"https:\/\/www.arrabonavill.hu\/en\/wp-json\/wp\/v2\/pages"}],"about":[{"href":"https:\/\/www.arrabonavill.hu\/en\/wp-json\/wp\/v2\/types\/page"}],"author":[{"embeddable":true,"href":"https:\/\/www.arrabonavill.hu\/en\/wp-json\/wp\/v2\/users\/1"}],"replies":[{"embeddable":true,"href":"https:\/\/www.arrabonavill.hu\/en\/wp-json\/wp\/v2\/comments?post=49"}],"version-history":[{"count":0,"href":"https:\/\/www.arrabonavill.hu\/en\/wp-json\/wp\/v2\/pages\/49\/revisions"}],"wp:attachment":[{"href":"https:\/\/www.arrabonavill.hu\/en\/wp-json\/wp\/v2\/media?parent=49"}],"curies":[{"name":"wp","href":"https:\/\/api.w.org\/{rel}","templated":true}]}}