{"id":59,"date":"2020-12-02T00:27:23","date_gmt":"2020-12-01T23:27:23","guid":{"rendered":"https:\/\/www.beta.arrabonavill.hu\/?page_id=59"},"modified":"2026-02-15T16:03:49","modified_gmt":"2026-02-15T15:03:49","slug":"berendezes-gyartas","status":"publish","type":"page","link":"https:\/\/www.arrabonavill.hu\/de\/berendezes-gyartas\/","title":{"rendered":"Einrichtungproduktion"},"content":{"rendered":"<div data-elementor-type=\"wp-page\" data-elementor-id=\"59\" class=\"elementor elementor-59\" data-elementor-settings=\"[]\">\n\t\t\t\t\t\t<div class=\"elementor-inner\">\n\t\t\t\t\t\t\t<div class=\"elementor-section-wrap\">\n\t\t\t\t\t\t\t<section class=\"elementor-section elementor-top-section elementor-element elementor-element-405e514 elementor-section-height-min-height animated-fast elementor-section-boxed elementor-section-height-default elementor-section-items-middle elementor-invisible\" data-id=\"405e514\" data-element_type=\"section\" data-settings=\"{&quot;shape_divider_top&quot;:&quot;tilt&quot;,&quot;animation&quot;:&quot;slideInDown&quot;}\">\n\t\t\t\t\t<div class=\"elementor-shape elementor-shape-top\" data-negative=\"false\">\n\t\t\t<svg xmlns=\"http:\/\/www.w3.org\/2000\/svg\" viewbox=\"0 0 1000 100\" preserveaspectratio=\"none\">\n\t<path class=\"elementor-shape-fill\" d=\"M0,6V0h1000v100L0,6z\"\/>\n<\/svg>\t\t<\/div>\n\t\t\t\t\t<div class=\"elementor-container elementor-column-gap-default\">\n\t\t\t\t\t\t\t<div class=\"elementor-row\">\n\t\t\t\t\t<div class=\"elementor-column elementor-col-100 elementor-top-column elementor-element elementor-element-9781e75\" data-id=\"9781e75\" data-element_type=\"column\">\n\t\t\t<div class=\"elementor-column-wrap\">\n\t\t\t\t\t\t\t<div class=\"elementor-widget-wrap\">\n\t\t\t\t\t\t\t\t<\/div>\n\t\t\t\t\t<\/div>\n\t\t<\/div>\n\t\t\t\t\t\t\t\t<\/div>\n\t\t\t\t\t<\/div>\n\t\t<\/section>\n\t\t\t\t<section class=\"elementor-section elementor-top-section elementor-element elementor-element-535d64c elementor-section-height-min-height page-content2 elementor-section-content-middle elementor-section-boxed elementor-section-height-default elementor-section-items-middle elementor-invisible\" data-id=\"535d64c\" data-element_type=\"section\" data-settings=\"{&quot;animation&quot;:&quot;fadeIn&quot;}\">\n\t\t\t\t\t\t<div class=\"elementor-container elementor-column-gap-default\">\n\t\t\t\t\t\t\t<div class=\"elementor-row\">\n\t\t\t\t\t<div class=\"elementor-column elementor-col-100 elementor-top-column elementor-element elementor-element-140a271\" data-id=\"140a271\" data-element_type=\"column\">\n\t\t\t<div class=\"elementor-column-wrap elementor-element-populated\">\n\t\t\t\t\t\t\t<div class=\"elementor-widget-wrap\">\n\t\t\t\t\t\t<section class=\"elementor-section elementor-inner-section elementor-element elementor-element-4340ea0 elementor-section-content-middle elementor-section-boxed elementor-section-height-default elementor-section-height-default\" data-id=\"4340ea0\" data-element_type=\"section\">\n\t\t\t\t\t\t<div class=\"elementor-container elementor-column-gap-default\">\n\t\t\t\t\t\t\t<div class=\"elementor-row\">\n\t\t\t\t\t<div class=\"elementor-column elementor-col-50 elementor-inner-column elementor-element elementor-element-3901ecd\" data-id=\"3901ecd\" data-element_type=\"column\">\n\t\t\t<div class=\"elementor-column-wrap elementor-element-populated\">\n\t\t\t\t\t\t\t<div class=\"elementor-widget-wrap\">\n\t\t\t\t\t\t<div class=\"elementor-element elementor-element-aa8d53c elementor-widget elementor-widget-heading\" data-id=\"aa8d53c\" data-element_type=\"widget\" data-widget_type=\"heading.default\">\n\t\t\t\t<div class=\"elementor-widget-container\">\n\t\t\t<h2 class=\"elementor-heading-title elementor-size-default\">Niederspannungsverteilung Anlageba<\/h2>\t\t<\/div>\n\t\t\t\t<\/div>\n\t\t\t\t<div class=\"elementor-element elementor-element-fddf87d elementor-widget-divider--view-line elementor-widget elementor-widget-divider\" data-id=\"fddf87d\" data-element_type=\"widget\" data-widget_type=\"divider.default\">\n\t\t\t\t<div class=\"elementor-widget-container\">\n\t\t\t\t\t<div class=\"elementor-divider\">\n\t\t\t<span class=\"elementor-divider-separator\">\n\t\t\t\t\t\t<\/span>\n\t\t<\/div>\n\t\t\t\t<\/div>\n\t\t\t\t<\/div>\n\t\t\t\t<div class=\"elementor-element elementor-element-ae3553c elementor-widget elementor-widget-text-editor\" data-id=\"ae3553c\" data-element_type=\"widget\" data-widget_type=\"text-editor.default\">\n\t\t\t\t<div class=\"elementor-widget-container\">\n\t\t\t\t\t<div class=\"elementor-text-editor elementor-clearfix\"><p>Unser Unternehmen verf\u00fcgt \u00fcber ein eigenes Verteilungs-Anlagebau-Bereich, wo unsere Mitarbeiter imstande sind die individualen Vorstellungen und technische L\u00f6sungen der Kunden zu verwirklichen.<\/p><p>Die komlpette Energieversorgung von Industrieanlagen, Einkaufszentren oder B\u00fcroh\u00e4user ist ein zusammengesetzte Aufgabe, deren Planung und die Fertigung eine enge Zusammenarbeit zwischen dem Kunden, dem Entwerfer, dem Anlagehersteller und den Fachm\u00e4nnern, die sie installieren erfordert.<br \/>Wir entwerfen die Anlagen mit der Hilfe des Verteilung Anlagebau Programs \u201eSchneider Electric \u201eRapsody\u201d, wir k\u00f6nne sogar schon in dem Angebot bestimmen, wie gro\u00df die Gesamtabmessung ist, wie es aussehen wird und wie schnell es fertig wird. Wir verf\u00fcgen dann \u00fcber die Materialliste.<\/p><p>Wir vereinbaren w\u00e4hrend des Fertigungprozess st\u00e4ndig mit den Kunden um die Anlage mit entsprechendem technischem Inhalt zubereiten zu k\u00f6nnen. Das fertige Anlage wird laut Anspruch auf dem Schauplatz installiert und in Betrieb gesetzt.<\/p><p>Unsere T\u00e4tigkeit umfasst sowohl die Steuerverteiler als auch die Herstellung von Anlagen mit Starkstrom nachdem System Prisma Plus 3200. Wir f\u00fchren \u00fcber alle Teil dem MSZ EN 61439-1 Standard entsprechend ein Protokoll. Wir verwenden die Ger\u00e4te und Anlagesysteme von Schneider Electric, Schrack, unseren Lieferantpartnern.<br \/>Bei unserer Firma funktioniert das ISO 9001-2009 Qualit\u00e4tssicherungssystem, das unseren Kunden die hohe Niveau unserer Anlagenbau sichert.<\/p><\/div>\n\t\t\t\t<\/div>\n\t\t\t\t<\/div>\n\t\t\t\t\t\t<\/div>\n\t\t\t\t\t<\/div>\n\t\t<\/div>\n\t\t\t\t<div class=\"elementor-column elementor-col-50 elementor-inner-column elementor-element elementor-element-17df848\" data-id=\"17df848\" data-element_type=\"column\">\n\t\t\t<div class=\"elementor-column-wrap elementor-element-populated\">\n\t\t\t\t\t\t\t<div class=\"elementor-widget-wrap\">\n\t\t\t\t\t\t<div class=\"elementor-element elementor-element-6072b15 elementor-widget elementor-widget-image\" data-id=\"6072b15\" data-element_type=\"widget\" data-settings=\"{&quot;motion_fx_motion_fx_mouse&quot;:&quot;yes&quot;,&quot;motion_fx_tilt_effect&quot;:&quot;yes&quot;,&quot;motion_fx_tilt_speed&quot;:{&quot;unit&quot;:&quot;px&quot;,&quot;size&quot;:1,&quot;sizes&quot;:[]}}\" data-widget_type=\"image.default\">\n\t\t\t\t<div class=\"elementor-widget-container\">\n\t\t\t\t\t<div class=\"elementor-image\">\n\t\t\t\t\t\t\t\t\t\t<img loading=\"lazy\" decoding=\"async\" width=\"533\" height=\"800\" src=\"https:\/\/www.arrabonavill.hu\/wp-content\/uploads\/2020\/12\/MG_3979a.jpg\" class=\"attachment-large size-large\" alt=\"berendez\u00e9s gy\u00e1rt\u00e1s\" srcset=\"https:\/\/www.arrabonavill.hu\/wp-content\/uploads\/2020\/12\/MG_3979a.jpg 533w, https:\/\/www.arrabonavill.hu\/wp-content\/uploads\/2020\/12\/MG_3979a-200x300.jpg 200w\" sizes=\"auto, (max-width: 533px) 100vw, 533px\" \/>\t\t\t\t\t\t\t\t\t\t\t<\/div>\n\t\t\t\t<\/div>\n\t\t\t\t<\/div>\n\t\t\t\t\t\t<\/div>\n\t\t\t\t\t<\/div>\n\t\t<\/div>\n\t\t\t\t\t\t\t\t<\/div>\n\t\t\t\t\t<\/div>\n\t\t<\/section>\n\t\t\t\t<div class=\"elementor-element elementor-element-59a3136 elementor-widget elementor-widget-spacer\" data-id=\"59a3136\" data-element_type=\"widget\" data-widget_type=\"spacer.default\">\n\t\t\t\t<div class=\"elementor-widget-container\">\n\t\t\t\t\t<div class=\"elementor-spacer\">\n\t\t\t<div class=\"elementor-spacer-inner\"><\/div>\n\t\t<\/div>\n\t\t\t\t<\/div>\n\t\t\t\t<\/div>\n\t\t\t\t\t\t<\/div>\n\t\t\t\t\t<\/div>\n\t\t<\/div>\n\t\t\t\t\t\t\t\t<\/div>\n\t\t\t\t\t<\/div>\n\t\t<\/section>\n\t\t\t\t\t\t<\/div>\n\t\t\t\t\t\t<\/div>\n\t\t\t\t\t<\/div>","protected":false},"excerpt":{"rendered":"<p>Kisfesz\u00fclts\u00e9g\u0171 eloszt\u00f3 berendez\u00e9sek gy\u00e1rt\u00e1sa V\u00e1llalkoz\u00e1sunk saj\u00e1t eloszt\u00f3 berendez\u00e9s-gy\u00e1rt\u00f3 r\u00e9szleggel rendelkezik, ahol szakembereink k\u00e9pesek megval\u00f3s\u00edtani a megrendel\u0151k egyedi elk\u00e9pzel\u00e9seit \u00e9s m\u0171szaki megold\u00e1sait. Az ipari \u00fczemek \u00e9s kereskedelmi \u00e9p\u00fcletek vagy irodah\u00e1zak teljes energiaell\u00e1t\u00e1sa \u00f6sszetett feladat, melyek megtervez\u00e9se \u00e9s a gy\u00e1rt\u00e1s lebonyol\u00edt\u00e1sa m\u00e1r szoros egy\u00fcttm\u0171k\u00f6d\u00e9st ig\u00e9nyel a megrendel\u0151, a tervez\u0151 \u00e9s a berendez\u00e9seket gy\u00e1rt\u00f3, valamint a helysz\u00edni telep\u00edt\u0151 [&hellip;]<\/p>","protected":false},"author":1,"featured_media":0,"parent":0,"menu_order":0,"comment_status":"closed","ping_status":"closed","template":"elementor_header_footer","meta":{"footnotes":""},"class_list":["post-59","page","type-page","status-publish","hentry"],"_links":{"self":[{"href":"https:\/\/www.arrabonavill.hu\/de\/wp-json\/wp\/v2\/pages\/59","targetHints":{"allow":["GET"]}}],"collection":[{"href":"https:\/\/www.arrabonavill.hu\/de\/wp-json\/wp\/v2\/pages"}],"about":[{"href":"https:\/\/www.arrabonavill.hu\/de\/wp-json\/wp\/v2\/types\/page"}],"author":[{"embeddable":true,"href":"https:\/\/www.arrabonavill.hu\/de\/wp-json\/wp\/v2\/users\/1"}],"replies":[{"embeddable":true,"href":"https:\/\/www.arrabonavill.hu\/de\/wp-json\/wp\/v2\/comments?post=59"}],"version-history":[{"count":0,"href":"https:\/\/www.arrabonavill.hu\/de\/wp-json\/wp\/v2\/pages\/59\/revisions"}],"wp:attachment":[{"href":"https:\/\/www.arrabonavill.hu\/de\/wp-json\/wp\/v2\/media?parent=59"}],"curies":[{"name":"wp","href":"https:\/\/api.w.org\/{rel}","templated":true}]}}