{"id":51,"date":"2020-12-02T00:26:14","date_gmt":"2020-12-01T23:26:14","guid":{"rendered":"https:\/\/www.beta.arrabonavill.hu\/?page_id=51"},"modified":"2026-02-15T15:41:16","modified_gmt":"2026-02-15T14:41:16","slug":"biztonsagtechnika","status":"publish","type":"page","link":"https:\/\/www.arrabonavill.hu\/de\/biztonsagtechnika\/","title":{"rendered":"Sicherheitstechnik"},"content":{"rendered":"<div data-elementor-type=\"wp-page\" data-elementor-id=\"51\" class=\"elementor elementor-51\" data-elementor-settings=\"[]\">\n\t\t\t\t\t\t<div class=\"elementor-inner\">\n\t\t\t\t\t\t\t<div class=\"elementor-section-wrap\">\n\t\t\t\t\t\t\t<section class=\"elementor-section elementor-top-section elementor-element elementor-element-a7f6462 elementor-section-height-min-height animated-fast elementor-section-boxed elementor-section-height-default elementor-section-items-middle elementor-invisible\" data-id=\"a7f6462\" data-element_type=\"section\" data-settings=\"{&quot;shape_divider_top&quot;:&quot;tilt&quot;,&quot;animation&quot;:&quot;slideInDown&quot;}\">\n\t\t\t\t\t<div class=\"elementor-shape elementor-shape-top\" data-negative=\"false\">\n\t\t\t<svg xmlns=\"http:\/\/www.w3.org\/2000\/svg\" viewbox=\"0 0 1000 100\" preserveaspectratio=\"none\">\n\t<path class=\"elementor-shape-fill\" d=\"M0,6V0h1000v100L0,6z\"\/>\n<\/svg>\t\t<\/div>\n\t\t\t\t\t<div class=\"elementor-container elementor-column-gap-default\">\n\t\t\t\t\t\t\t<div class=\"elementor-row\">\n\t\t\t\t\t<div class=\"elementor-column elementor-col-100 elementor-top-column elementor-element elementor-element-98b4b34\" data-id=\"98b4b34\" data-element_type=\"column\">\n\t\t\t<div class=\"elementor-column-wrap\">\n\t\t\t\t\t\t\t<div class=\"elementor-widget-wrap\">\n\t\t\t\t\t\t\t\t<\/div>\n\t\t\t\t\t<\/div>\n\t\t<\/div>\n\t\t\t\t\t\t\t\t<\/div>\n\t\t\t\t\t<\/div>\n\t\t<\/section>\n\t\t\t\t<section class=\"elementor-section elementor-top-section elementor-element elementor-element-0d07d5c elementor-section-height-min-height elementor-section-content-middle page-content2 elementor-section-boxed elementor-section-height-default elementor-section-items-middle elementor-invisible\" data-id=\"0d07d5c\" data-element_type=\"section\" data-settings=\"{&quot;animation&quot;:&quot;fadeIn&quot;}\">\n\t\t\t\t\t\t<div class=\"elementor-container elementor-column-gap-default\">\n\t\t\t\t\t\t\t<div class=\"elementor-row\">\n\t\t\t\t\t<div class=\"elementor-column elementor-col-100 elementor-top-column elementor-element elementor-element-c7d6f2f\" data-id=\"c7d6f2f\" data-element_type=\"column\">\n\t\t\t<div class=\"elementor-column-wrap elementor-element-populated\">\n\t\t\t\t\t\t\t<div class=\"elementor-widget-wrap\">\n\t\t\t\t\t\t<section class=\"elementor-section elementor-inner-section elementor-element elementor-element-144b8bb elementor-section-content-middle elementor-section-boxed elementor-section-height-default elementor-section-height-default\" data-id=\"144b8bb\" data-element_type=\"section\">\n\t\t\t\t\t\t<div class=\"elementor-container elementor-column-gap-default\">\n\t\t\t\t\t\t\t<div class=\"elementor-row\">\n\t\t\t\t\t<div class=\"elementor-column elementor-col-50 elementor-inner-column elementor-element elementor-element-6a480ad\" data-id=\"6a480ad\" data-element_type=\"column\">\n\t\t\t<div class=\"elementor-column-wrap elementor-element-populated\">\n\t\t\t\t\t\t\t<div class=\"elementor-widget-wrap\">\n\t\t\t\t\t\t<div class=\"elementor-element elementor-element-934f715 elementor-widget elementor-widget-heading\" data-id=\"934f715\" data-element_type=\"widget\" data-widget_type=\"heading.default\">\n\t\t\t\t<div class=\"elementor-widget-container\">\n\t\t\t<h2 class=\"elementor-heading-title elementor-size-default\">Sicherheitstechnik<\/h2>\t\t<\/div>\n\t\t\t\t<\/div>\n\t\t\t\t<div class=\"elementor-element elementor-element-0a6dda0 elementor-widget-divider--view-line elementor-widget elementor-widget-divider\" data-id=\"0a6dda0\" data-element_type=\"widget\" data-widget_type=\"divider.default\">\n\t\t\t\t<div class=\"elementor-widget-container\">\n\t\t\t\t\t<div class=\"elementor-divider\">\n\t\t\t<span class=\"elementor-divider-separator\">\n\t\t\t\t\t\t<\/span>\n\t\t<\/div>\n\t\t\t\t<\/div>\n\t\t\t\t<\/div>\n\t\t\t\t<div class=\"elementor-element elementor-element-5c20064 elementor-widget elementor-widget-text-editor\" data-id=\"5c20064\" data-element_type=\"widget\" data-widget_type=\"text-editor.default\">\n\t\t\t\t<div class=\"elementor-widget-container\">\n\t\t\t\t\t<div class=\"elementor-text-editor elementor-clearfix\"><h5>Ber\u00fchrungsschutz: Erste Kontrolle der elektrischen Anlagen<\/h5><p>Laut MSZ HD 60364-6:2007<\/p><p>Es besteht aus einer Messung mit einem Ger\u00e4t, und werden die elektrischen Ger\u00e4te laut der Gesehenen qualifiziert, ob sie den geltenden Ber\u00fchrungsschutzregeln entsprechen. Die \u00dcberpr\u00fcfung des Ber\u00fchrungsschutz-Standards beinhaltet die Ber\u00fchrungsschutz-Kontrolle.<\/p><p>Die geltenden 14\/2004.(IV.19) FMM Anordnung bestimmt die Ber\u00fchrungsschutz-Kontrolle vor der Installierung vom elektrischen Ger\u00e4t.<br \/>\u2022 Schutzschalter: monatlich<br \/>\u2022 Tragbare elektrische Maschinen (Bogenschwei\u00dfer) Handwerkzeuge: j\u00e4hrlich<br \/>\u2022 Geb\u00e4ude unter dem Geltungbereich von KL\u00c9SZ: 6 j\u00e4hrlich<br \/>\u2022 An allen anderen elektrischen Ger\u00e4ten: 3 j\u00e4hrlich<\/p><\/div>\n\t\t\t\t<\/div>\n\t\t\t\t<\/div>\n\t\t\t\t\t\t<\/div>\n\t\t\t\t\t<\/div>\n\t\t<\/div>\n\t\t\t\t<div class=\"elementor-column elementor-col-50 elementor-inner-column elementor-element elementor-element-101ef98\" data-id=\"101ef98\" data-element_type=\"column\">\n\t\t\t<div class=\"elementor-column-wrap elementor-element-populated\">\n\t\t\t\t\t\t\t<div class=\"elementor-widget-wrap\">\n\t\t\t\t\t\t<div class=\"elementor-element elementor-element-97b4b84 elementor-widget elementor-widget-image\" data-id=\"97b4b84\" data-element_type=\"widget\" data-settings=\"{&quot;motion_fx_motion_fx_mouse&quot;:&quot;yes&quot;,&quot;motion_fx_tilt_effect&quot;:&quot;yes&quot;,&quot;motion_fx_tilt_speed&quot;:{&quot;unit&quot;:&quot;px&quot;,&quot;size&quot;:1,&quot;sizes&quot;:[]}}\" data-widget_type=\"image.default\">\n\t\t\t\t<div class=\"elementor-widget-container\">\n\t\t\t\t\t<div class=\"elementor-image\">\n\t\t\t\t\t\t\t\t\t\t<img loading=\"lazy\" decoding=\"async\" width=\"800\" height=\"534\" src=\"https:\/\/www.arrabonavill.hu\/wp-content\/uploads\/2020\/12\/pexels-panumas-nikhomkhai-1148820-1024x683.jpg\" class=\"attachment-large size-large\" alt=\"biztons\u00e1gtechnika\" srcset=\"https:\/\/www.arrabonavill.hu\/wp-content\/uploads\/2020\/12\/pexels-panumas-nikhomkhai-1148820-1024x683.jpg 1024w, https:\/\/www.arrabonavill.hu\/wp-content\/uploads\/2020\/12\/pexels-panumas-nikhomkhai-1148820-300x200.jpg 300w, https:\/\/www.arrabonavill.hu\/wp-content\/uploads\/2020\/12\/pexels-panumas-nikhomkhai-1148820-768x512.jpg 768w, https:\/\/www.arrabonavill.hu\/wp-content\/uploads\/2020\/12\/pexels-panumas-nikhomkhai-1148820.jpg 1280w\" sizes=\"auto, (max-width: 800px) 100vw, 800px\" \/>\t\t\t\t\t\t\t\t\t\t\t<\/div>\n\t\t\t\t<\/div>\n\t\t\t\t<\/div>\n\t\t\t\t\t\t<\/div>\n\t\t\t\t\t<\/div>\n\t\t<\/div>\n\t\t\t\t\t\t\t\t<\/div>\n\t\t\t\t\t<\/div>\n\t\t<\/section>\n\t\t\t\t<div class=\"elementor-element elementor-element-af823c4 elementor-widget elementor-widget-text-editor\" data-id=\"af823c4\" data-element_type=\"widget\" data-widget_type=\"text-editor.default\">\n\t\t\t\t<div class=\"elementor-widget-container\">\n\t\t\t\t\t<div class=\"elementor-text-editor elementor-clearfix\"><h5>Blitzschutz: Blitzschutz \u00dcberpr\u00fcfung<\/h5><p>Laut der Anordnung 54\/2014 (XII.5.) BM.<\/p><p>Die Blitzschutz-\u00dcberpr\u00fcfung und deren Qualifizierung, die das Blitzschutzprotokoll beinhaltet, werden von in jeder Zeit geltender (OTSZ) Nationalen Brandschutzregelung bestimmt. <br \/>Die Blitzschutzpr\u00fcfung wird nach den bei dem Anbau des Blitzableiters geltenden Regeln durchgef\u00dfhrt. Wir machen auch die \u00dcberpr\u00fcfung von Blitzableiters, die sowohl nach Norm (neuer Blitzschutz) und auch.<\/p><p>H\u00e4ufigkeit der intermittierenden \u00dcberpr\u00fcfungen<br \/>\u2022 3 j\u00e4hrlich: in Geb\u00e4uden in Brandklasse A,B<br \/>\u2022 6 j\u00e4hrlich: in Geb\u00e4uden in Brandklasse C, D, E<br \/>\u2022 in den Geb\u00e4uden, in denen der Blitzableiter umgebaut, bzw. erweitert wurde, oder nach Reparierung, die die Sicherheit des Blitzschutzes ver\u00e4ndert.<br \/>\u2022 Nach der Verletzung des Blitzableiters, nach einem m\u00e4chtigen Blitz, der in das geb\u00e4ude schlug, und nach all den Dingen, die die Wirksamkeit des Blitzschutzes beeinflussen k\u00f6nnen.<\/p><h5>Brandschutz-Standartisierung \u00dcberpr\u00fcfung<\/h5><p>Laut MSZ HD 60364-6:2007<\/p><p>Diese intermittierende Standartisierungs-Kontrolle wird von OTSZ vorgeschrieben, deshalb auch Brandschutz-\u00dcberpr\u00fcfung genannt.<br \/>H\u00e4ufigkeit der intermittierenden Kontrolle:<br \/>Die Termine der Kontrolle werden von OTSZ bestimmt:<br \/>\u2022 A-B Entz\u00fcndbarkeit Klasse 3 Jahre<br \/>\u2022 C-D-E Entz\u00fcndbarkeit Klasse 6 Jahre<\/p><\/div>\n\t\t\t\t<\/div>\n\t\t\t\t<\/div>\n\t\t\t\t<div class=\"elementor-element elementor-element-8b489f6 elementor-widget elementor-widget-spacer\" data-id=\"8b489f6\" data-element_type=\"widget\" data-widget_type=\"spacer.default\">\n\t\t\t\t<div class=\"elementor-widget-container\">\n\t\t\t\t\t<div class=\"elementor-spacer\">\n\t\t\t<div class=\"elementor-spacer-inner\"><\/div>\n\t\t<\/div>\n\t\t\t\t<\/div>\n\t\t\t\t<\/div>\n\t\t\t\t\t\t<\/div>\n\t\t\t\t\t<\/div>\n\t\t<\/div>\n\t\t\t\t\t\t\t\t<\/div>\n\t\t\t\t\t<\/div>\n\t\t<\/section>\n\t\t\t\t\t\t<\/div>\n\t\t\t\t\t\t<\/div>\n\t\t\t\t\t<\/div>","protected":false},"excerpt":{"rendered":"<p>Biztons\u00e1gtechnika \u00c9rint\u00e9sv\u00e9delem: Villamos berendez\u00e9sek els\u0151 ellen\u0151rz\u00e9se MSZ HD 60364-6:2007 szerint Villamos m\u0171szeres m\u00e9r\u00e9sb\u0151l \u00e1ll, \u00e9s a helysz\u00edni vizsg\u00e1lat sor\u00e1n a l\u00e1tottak alapj\u00e1n min\u0151s\u00edtj\u00fck a villamos berendez\u00e9seket, hogy megfelelnek &#8211; e az \u00e9rv\u00e9nyben l\u00e9v\u0151 \u00e9rint\u00e9sv\u00e9delmi szabv\u00e1nyoknak. Az \u00e9rint\u00e9sv\u00e9delmi szabv\u00e1nyoss\u00e1gi fel\u00fclvizsg\u00e1lat tartalmazza az \u00e9rint\u00e9sv\u00e9delmi szerel\u0151i ellen\u0151rz\u00e9st. Az \u00e9rv\u00e9nyben l\u00e9v\u0151 14\/2004.(IV.19) FMM rendelet a villamos berendez\u00e9s \u00fczembe helyez\u00e9se [&hellip;]<\/p>","protected":false},"author":1,"featured_media":0,"parent":0,"menu_order":0,"comment_status":"closed","ping_status":"closed","template":"elementor_header_footer","meta":{"footnotes":""},"class_list":["post-51","page","type-page","status-publish","hentry"],"_links":{"self":[{"href":"https:\/\/www.arrabonavill.hu\/de\/wp-json\/wp\/v2\/pages\/51","targetHints":{"allow":["GET"]}}],"collection":[{"href":"https:\/\/www.arrabonavill.hu\/de\/wp-json\/wp\/v2\/pages"}],"about":[{"href":"https:\/\/www.arrabonavill.hu\/de\/wp-json\/wp\/v2\/types\/page"}],"author":[{"embeddable":true,"href":"https:\/\/www.arrabonavill.hu\/de\/wp-json\/wp\/v2\/users\/1"}],"replies":[{"embeddable":true,"href":"https:\/\/www.arrabonavill.hu\/de\/wp-json\/wp\/v2\/comments?post=51"}],"version-history":[{"count":0,"href":"https:\/\/www.arrabonavill.hu\/de\/wp-json\/wp\/v2\/pages\/51\/revisions"}],"wp:attachment":[{"href":"https:\/\/www.arrabonavill.hu\/de\/wp-json\/wp\/v2\/media?parent=51"}],"curies":[{"name":"wp","href":"https:\/\/api.w.org\/{rel}","templated":true}]}}