{"id":49,"date":"2020-12-02T00:25:55","date_gmt":"2020-12-01T23:25:55","guid":{"rendered":"https:\/\/www.beta.arrabonavill.hu\/?page_id=49"},"modified":"2026-02-15T16:15:28","modified_gmt":"2026-02-15T15:15:28","slug":"szakmai-jogosultsagok","status":"publish","type":"page","link":"https:\/\/www.arrabonavill.hu\/de\/szakmai-jogosultsagok\/","title":{"rendered":"Fachliche Kompetenzen"},"content":{"rendered":"<div data-elementor-type=\"wp-page\" data-elementor-id=\"49\" class=\"elementor elementor-49\" data-elementor-settings=\"[]\">\n\t\t\t\t\t\t<div class=\"elementor-inner\">\n\t\t\t\t\t\t\t<div class=\"elementor-section-wrap\">\n\t\t\t\t\t\t\t<section class=\"elementor-section elementor-top-section elementor-element elementor-element-4887bf9 elementor-section-height-min-height animated-fast elementor-section-boxed elementor-section-height-default elementor-section-items-middle elementor-invisible\" data-id=\"4887bf9\" data-element_type=\"section\" data-settings=\"{&quot;shape_divider_top&quot;:&quot;tilt&quot;,&quot;animation&quot;:&quot;slideInDown&quot;}\">\n\t\t\t\t\t<div class=\"elementor-shape elementor-shape-top\" data-negative=\"false\">\n\t\t\t<svg xmlns=\"http:\/\/www.w3.org\/2000\/svg\" viewbox=\"0 0 1000 100\" preserveaspectratio=\"none\">\n\t<path class=\"elementor-shape-fill\" d=\"M0,6V0h1000v100L0,6z\"\/>\n<\/svg>\t\t<\/div>\n\t\t\t\t\t<div class=\"elementor-container elementor-column-gap-default\">\n\t\t\t\t\t\t\t<div class=\"elementor-row\">\n\t\t\t\t\t<div class=\"elementor-column elementor-col-100 elementor-top-column elementor-element elementor-element-c50bb5a\" data-id=\"c50bb5a\" data-element_type=\"column\">\n\t\t\t<div class=\"elementor-column-wrap\">\n\t\t\t\t\t\t\t<div class=\"elementor-widget-wrap\">\n\t\t\t\t\t\t\t\t<\/div>\n\t\t\t\t\t<\/div>\n\t\t<\/div>\n\t\t\t\t\t\t\t\t<\/div>\n\t\t\t\t\t<\/div>\n\t\t<\/section>\n\t\t\t\t<section class=\"elementor-section elementor-top-section elementor-element elementor-element-9147d85 elementor-section-height-min-height elementor-section-content-middle page-content2 elementor-section-boxed elementor-section-height-default elementor-section-items-middle elementor-invisible\" data-id=\"9147d85\" data-element_type=\"section\" data-settings=\"{&quot;animation&quot;:&quot;fadeIn&quot;}\">\n\t\t\t\t\t\t<div class=\"elementor-container elementor-column-gap-default\">\n\t\t\t\t\t\t\t<div class=\"elementor-row\">\n\t\t\t\t\t<div class=\"elementor-column elementor-col-100 elementor-top-column elementor-element elementor-element-764eb39\" data-id=\"764eb39\" data-element_type=\"column\">\n\t\t\t<div class=\"elementor-column-wrap elementor-element-populated\">\n\t\t\t\t\t\t\t<div class=\"elementor-widget-wrap\">\n\t\t\t\t\t\t<section class=\"elementor-section elementor-inner-section elementor-element elementor-element-b1cb6ee elementor-section-boxed elementor-section-height-default elementor-section-height-default\" data-id=\"b1cb6ee\" data-element_type=\"section\">\n\t\t\t\t\t\t<div class=\"elementor-container elementor-column-gap-default\">\n\t\t\t\t\t\t\t<div class=\"elementor-row\">\n\t\t\t\t\t<div class=\"elementor-column elementor-col-50 elementor-inner-column elementor-element elementor-element-925cebd\" data-id=\"925cebd\" data-element_type=\"column\">\n\t\t\t<div class=\"elementor-column-wrap elementor-element-populated\">\n\t\t\t\t\t\t\t<div class=\"elementor-widget-wrap\">\n\t\t\t\t\t\t<div class=\"elementor-element elementor-element-6f0ffad elementor-widget elementor-widget-heading\" data-id=\"6f0ffad\" data-element_type=\"widget\" data-widget_type=\"heading.default\">\n\t\t\t\t<div class=\"elementor-widget-container\">\n\t\t\t<h2 class=\"elementor-heading-title elementor-size-default\">Fachliche Kompetenzen<\/h2>\t\t<\/div>\n\t\t\t\t<\/div>\n\t\t\t\t<div class=\"elementor-element elementor-element-21812c5 elementor-widget-divider--view-line elementor-widget elementor-widget-divider\" data-id=\"21812c5\" data-element_type=\"widget\" data-widget_type=\"divider.default\">\n\t\t\t\t<div class=\"elementor-widget-container\">\n\t\t\t\t\t<div class=\"elementor-divider\">\n\t\t\t<span class=\"elementor-divider-separator\">\n\t\t\t\t\t\t<\/span>\n\t\t<\/div>\n\t\t\t\t<\/div>\n\t\t\t\t<\/div>\n\t\t\t\t<div class=\"elementor-element elementor-element-c446e1b elementor-widget elementor-widget-text-editor\" data-id=\"c446e1b\" data-element_type=\"widget\" data-widget_type=\"text-editor.default\">\n\t\t\t\t<div class=\"elementor-widget-container\">\n\t\t\t\t\t<div class=\"elementor-text-editor elementor-clearfix\"><h5>Berechtigung f\u00fcr verantwortlichen technischen Leiter:<\/h5><p>Der Grundgesetz des Bauwesen, das LXXVIII. Gesetz vom Jahr 1997. \u00fcber den Umbau und Schutz der gebauten Umgebung, bestimmt \u00fcber die Aufgaben, Verantwortung des technischen Leiters und \u00fcber die Bedingungen der Durchf\u00fchrung der T\u00e4tigkeit. \u00c9tv. bestimmt den Begriff der T\u00e4tigkeit der technischen Leiters, und den Kreis von den nat\u00fcrlichen und rechtlichen Personen, bzw. von den \u00fcber keinen Recht verf\u00fcgenden Organisationen, die diese T\u00e4tigkeit aus\u00fcben. Laut des Gesetzes besteht die T\u00e4tigkeit des technischen Leiters aus der Koordinierung der Baut\u00e4tigkeit.<br \/>Nummer bei der ungarischen Ingenieurkammer: <strong>FMV \u2013 \u00c9p\/\u00c9V- 08-5373<\/strong><\/p><\/div>\n\t\t\t\t<\/div>\n\t\t\t\t<\/div>\n\t\t\t\t\t\t<\/div>\n\t\t\t\t\t<\/div>\n\t\t<\/div>\n\t\t\t\t<div class=\"elementor-column elementor-col-50 elementor-inner-column elementor-element elementor-element-8ee21f5\" data-id=\"8ee21f5\" data-element_type=\"column\">\n\t\t\t<div class=\"elementor-column-wrap elementor-element-populated\">\n\t\t\t\t\t\t\t<div class=\"elementor-widget-wrap\">\n\t\t\t\t\t\t<div class=\"elementor-element elementor-element-cfc5056 elementor-widget elementor-widget-image\" data-id=\"cfc5056\" data-element_type=\"widget\" data-settings=\"{&quot;motion_fx_motion_fx_mouse&quot;:&quot;yes&quot;,&quot;motion_fx_tilt_effect&quot;:&quot;yes&quot;,&quot;motion_fx_tilt_speed&quot;:{&quot;unit&quot;:&quot;px&quot;,&quot;size&quot;:1,&quot;sizes&quot;:[]}}\" data-widget_type=\"image.default\">\n\t\t\t\t<div class=\"elementor-widget-container\">\n\t\t\t\t\t<div class=\"elementor-image\">\n\t\t\t\t\t\t\t\t\t\t<img loading=\"lazy\" decoding=\"async\" width=\"800\" height=\"514\" src=\"https:\/\/www.arrabonavill.hu\/wp-content\/uploads\/2020\/12\/project-1024x658.png\" class=\"attachment-large size-large\" alt=\"\" srcset=\"https:\/\/www.arrabonavill.hu\/wp-content\/uploads\/2020\/12\/project-1024x658.png 1024w, https:\/\/www.arrabonavill.hu\/wp-content\/uploads\/2020\/12\/project-300x193.png 300w, https:\/\/www.arrabonavill.hu\/wp-content\/uploads\/2020\/12\/project-768x494.png 768w, https:\/\/www.arrabonavill.hu\/wp-content\/uploads\/2020\/12\/project-1536x987.png 1536w, https:\/\/www.arrabonavill.hu\/wp-content\/uploads\/2020\/12\/project.png 1895w\" sizes=\"auto, (max-width: 800px) 100vw, 800px\" \/>\t\t\t\t\t\t\t\t\t\t\t<\/div>\n\t\t\t\t<\/div>\n\t\t\t\t<\/div>\n\t\t\t\t\t\t<\/div>\n\t\t\t\t\t<\/div>\n\t\t<\/div>\n\t\t\t\t\t\t\t\t<\/div>\n\t\t\t\t\t<\/div>\n\t\t<\/section>\n\t\t\t\t<div class=\"elementor-element elementor-element-303de8d elementor-widget elementor-widget-text-editor\" data-id=\"303de8d\" data-element_type=\"widget\" data-widget_type=\"text-editor.default\">\n\t\t\t\t<div class=\"elementor-widget-container\">\n\t\t\t\t\t<div class=\"elementor-text-editor elementor-clearfix\"><h5>Berechtigung f\u00fcr technischen Inspektor<\/h5>\n<p>Der Grundgesetz des Bauwesen, das LXXVIII. Gesetz vom Jahr 1997. \u00fcber den Umbau und Schutz der gebauten Umgebung, bestimmt \u00fcber die Aufgaben, Verantwortung des technischen Inspektors und \u00fcber die Bedingungen der Durchf\u00fchrung der T\u00e4tigkeit. \u00c9tv. bestimmt den Begriff der T\u00e4tigkeit der technischen Inspektors, und den Kreis von den nat\u00fcrlichen und rechtlichen Personen, bzw. von den \u00fcber keinen Recht verf\u00fcgenden Organisationen, die diese T\u00e4tigkeit aus\u00fcben. Im Sinne des Gesetzes besteht die T\u00e4tigkeit von dem technischen Inspektors als lokaler Beauftragte des Auftraggebers aus der Aufgaben, die in \u00c9tv. und in dem Rechtsvorschrift bestimmt sind, an erster Stelle die Verwirklichung der Fachlichkeit vom Bau und dessen Plan. Der technische Inspektor ist in dem Bauprozess eine wichtige Person, w\u00e4hrend der ganzen Baut\u00e4tigkeit hilft und kontrolliert die Einhaltung der Gesetze, die beh\u00f6rdlichen Vorschriften, Standarten, Vertr\u00e4ge und das Dokumentation der Bauausf\u00fchrung.<br>Nummer bei der ungarischen Ingenieurkammer: <strong>\u00c9ME -\u00c9V- 08-5373<\/strong><\/p>\n<h5>Berechtigung f\u00fcr Anlageverwalter<\/h5>\n<p>Das Grundgesetz \u00fcber das Bauen, Gesetz LXXVIII von 1997 \u00fcber die Gestaltung und den Schutz der gebauten Umwelt. Das Gesetz (\u00c9tv.) Legt die Aufgabe und Verantwortung des Anlageverwalters sowie die Bedingungen f\u00fcr die Fortsetzung der T\u00e4tigkeit fest. Der Abend. definiert das Konzept der Anlageverwaltungst\u00e4tigkeit, das Spektrum nat\u00fcrlicher und juristischer Personen oder Organisationen ohne Rechtspers\u00f6nlichkeit, die die T\u00e4tigkeit aus\u00fcben. Nach der gesetzlichen Definition ist die T\u00e4tigkeit des Investmentmanagements die Erf\u00fcllung der Aufgaben des Bauherrn im Auftrag des Bauherrn.<br>Eine Investitionst\u00e4tigkeit darf nur von einer Person durchgef\u00fchrt werden, die die die Liste verwaltende Stelle \u00fcber ihre Absicht informiert. Voraussetzung f\u00fcr die Meldung und Fortsetzung der T\u00e4tigkeit ist, dass die Person, die die Anlageverwaltungst\u00e4tigkeit aus\u00fcbt, nicht dem Besch\u00e4ftigungsverbot unterliegt, das eine solche T\u00e4tigkeit ausschlie\u00dft, vorbestraft ist und die Bestimmungen des \u00c9tv hat. mit einer Fachqualifikation und Berufspraxis, die in einem Regierungsdekret festgelegt ist, das auf der Grundlage seiner Genehmigung erlassen wurde und die anderen darin festgelegten Bedingungen erf\u00fcllt.<br>Eine juristische Person oder Organisation ohne Rechtspers\u00f6nlichkeit kann eine Anlageverwaltungst\u00e4tigkeit aus\u00fcben, wenn ihr Mitglied oder eine andere Person in einer Rechtsbeziehung, mit der sie ein Arbeitsverh\u00e4ltnis hat, berechtigt ist, die gegebene T\u00e4tigkeit fortzusetzen, und dieses Mitglied oder diese Person an der Durchf\u00fchrung der T\u00e4tigkeit teilnimmt.<br>BME Institut f\u00fcr Weiterbildung&nbsp;<strong>02-042-207\/2013<\/strong><\/p>\n<p>MKIK Nummer:<br><strong>18A1825257<\/strong><\/p>\n<p><strong><em>e-on<\/em><\/strong>&nbsp;Das von EON registrierte Unternehmen:<br><strong>VETr 04712<\/strong><\/p>\n<p>Berechtigung f\u00fcr Ber\u00fchrungsschutz-Inspektor:<br><strong>\u00c9V- 0002\/2005<\/strong><br><strong>2019\/VBSZ-\u00c9VF-324<\/strong><\/p>\n<p>Berechtigung f\u00fcr Blitzschutz-Inspektor:<br><strong>VV- 6\/44\/6\/2005<\/strong><\/p>\n<p>Komplexe Blitzschutzpr\u00fcfung:<br><strong>VV08\/03\/2013<\/strong><br><strong>2019\/VBSZ-VV-244<\/strong><\/p>\n<p>Berechtigung f\u00fcr Inspektor von Ger\u00e4ten mit Starkstrom:<br><strong>EBF-0051\/2005<\/strong><br><strong>2019\/VBSZ-EBF-271<\/strong><\/p>\n<p>Brandschutzpr\u00fcfung Kraftausr\u00fcstung:<br><strong>DA-30\/047-14\/87\/2018<\/strong><\/p><\/div>\n\t\t\t\t<\/div>\n\t\t\t\t<\/div>\n\t\t\t\t<div class=\"elementor-element elementor-element-3d8c2b5 elementor-widget elementor-widget-spacer\" data-id=\"3d8c2b5\" data-element_type=\"widget\" data-widget_type=\"spacer.default\">\n\t\t\t\t<div class=\"elementor-widget-container\">\n\t\t\t\t\t<div class=\"elementor-spacer\">\n\t\t\t<div class=\"elementor-spacer-inner\"><\/div>\n\t\t<\/div>\n\t\t\t\t<\/div>\n\t\t\t\t<\/div>\n\t\t\t\t\t\t<\/div>\n\t\t\t\t\t<\/div>\n\t\t<\/div>\n\t\t\t\t\t\t\t\t<\/div>\n\t\t\t\t\t<\/div>\n\t\t<\/section>\n\t\t\t\t\t\t<\/div>\n\t\t\t\t\t\t<\/div>\n\t\t\t\t\t<\/div>","protected":false},"excerpt":{"rendered":"<p>Szakmai jogosults\u00e1gok Felel\u0151s m\u0171szaki vezet\u0151i jogosults\u00e1g Az \u00e9p\u00edt\u00e9s\u00fcgy alapt\u00f6rv\u00e9nye, az \u00e9p\u00edtett k\u00f6rnyezet alak\u00edt\u00e1s\u00e1r\u00f3l \u00e9s v\u00e9delm\u00e9r\u0151l sz\u00f3l\u00f3 1997. \u00e9vi LXXVIII. t\u00f6rv\u00e9ny(\u00c9tv.) rendelkezik a felel\u0151s m\u0171szaki vezet\u0151feladat\u00e1r\u00f3l, felel\u0151ss\u00e9g\u00e9r\u0151l, \u00e9s a tev\u00e9kenys\u00e9g folytat\u00e1s\u00e1nak felt\u00e9teleir\u0151l. Az \u00c9tv. meghat\u00e1rozza a felel\u0151s m\u0171szaki vezet\u0151i tev\u00e9kenys\u00e9g fogalm\u00e1t, a tev\u00e9kenys\u00e9get folytat\u00f3 term\u00e9szetes, \u00e9s jogi szem\u00e9lyek, illet\u0151leg jogi szem\u00e9lyis\u00e9ggel nem rendelkez\u0151 szervezetek k\u00f6r\u00e9t is. [&hellip;]<\/p>","protected":false},"author":1,"featured_media":0,"parent":0,"menu_order":0,"comment_status":"closed","ping_status":"closed","template":"elementor_header_footer","meta":{"footnotes":""},"class_list":["post-49","page","type-page","status-publish","hentry"],"_links":{"self":[{"href":"https:\/\/www.arrabonavill.hu\/de\/wp-json\/wp\/v2\/pages\/49","targetHints":{"allow":["GET"]}}],"collection":[{"href":"https:\/\/www.arrabonavill.hu\/de\/wp-json\/wp\/v2\/pages"}],"about":[{"href":"https:\/\/www.arrabonavill.hu\/de\/wp-json\/wp\/v2\/types\/page"}],"author":[{"embeddable":true,"href":"https:\/\/www.arrabonavill.hu\/de\/wp-json\/wp\/v2\/users\/1"}],"replies":[{"embeddable":true,"href":"https:\/\/www.arrabonavill.hu\/de\/wp-json\/wp\/v2\/comments?post=49"}],"version-history":[{"count":0,"href":"https:\/\/www.arrabonavill.hu\/de\/wp-json\/wp\/v2\/pages\/49\/revisions"}],"wp:attachment":[{"href":"https:\/\/www.arrabonavill.hu\/de\/wp-json\/wp\/v2\/media?parent=49"}],"curies":[{"name":"wp","href":"https:\/\/api.w.org\/{rel}","templated":true}]}}