{"id":41,"date":"2020-12-02T00:21:03","date_gmt":"2020-12-01T23:21:03","guid":{"rendered":"https:\/\/www.beta.arrabonavill.hu\/?page_id=41"},"modified":"2026-02-21T14:22:49","modified_gmt":"2026-02-21T13:22:49","slug":"bemutatkozas","status":"publish","type":"page","link":"https:\/\/www.arrabonavill.hu\/de\/bemutatkozas\/","title":{"rendered":"Vorstellung"},"content":{"rendered":"<div data-elementor-type=\"wp-page\" data-elementor-id=\"41\" class=\"elementor elementor-41\" data-elementor-settings=\"[]\">\n\t\t\t\t\t\t<div class=\"elementor-inner\">\n\t\t\t\t\t\t\t<div class=\"elementor-section-wrap\">\n\t\t\t\t\t\t\t<section class=\"elementor-section elementor-top-section elementor-element elementor-element-d1bb9b4 elementor-section-height-min-height animated-fast elementor-section-boxed elementor-section-height-default elementor-section-items-middle elementor-invisible\" data-id=\"d1bb9b4\" data-element_type=\"section\" data-settings=\"{&quot;shape_divider_top&quot;:&quot;tilt&quot;,&quot;animation&quot;:&quot;slideInDown&quot;}\">\n\t\t\t\t\t<div class=\"elementor-shape elementor-shape-top\" data-negative=\"false\">\n\t\t\t<svg xmlns=\"http:\/\/www.w3.org\/2000\/svg\" viewbox=\"0 0 1000 100\" preserveaspectratio=\"none\">\n\t<path class=\"elementor-shape-fill\" d=\"M0,6V0h1000v100L0,6z\"\/>\n<\/svg>\t\t<\/div>\n\t\t\t\t\t<div class=\"elementor-container elementor-column-gap-default\">\n\t\t\t\t\t\t\t<div class=\"elementor-row\">\n\t\t\t\t\t<div class=\"elementor-column elementor-col-100 elementor-top-column elementor-element elementor-element-ebe4d32\" data-id=\"ebe4d32\" data-element_type=\"column\">\n\t\t\t<div class=\"elementor-column-wrap\">\n\t\t\t\t\t\t\t<div class=\"elementor-widget-wrap\">\n\t\t\t\t\t\t\t\t<\/div>\n\t\t\t\t\t<\/div>\n\t\t<\/div>\n\t\t\t\t\t\t\t\t<\/div>\n\t\t\t\t\t<\/div>\n\t\t<\/section>\n\t\t\t\t<section class=\"elementor-section elementor-top-section elementor-element elementor-element-a1cd83e elementor-section-height-min-height elementor-section-boxed elementor-section-height-default elementor-section-items-middle\" data-id=\"a1cd83e\" data-element_type=\"section\">\n\t\t\t\t\t\t<div class=\"elementor-container elementor-column-gap-default\">\n\t\t\t\t\t\t\t<div class=\"elementor-row\">\n\t\t\t\t\t<div class=\"elementor-column elementor-col-100 elementor-top-column elementor-element elementor-element-5390543\" data-id=\"5390543\" data-element_type=\"column\">\n\t\t\t<div class=\"elementor-column-wrap elementor-element-populated\">\n\t\t\t\t\t\t\t<div class=\"elementor-widget-wrap\">\n\t\t\t\t\t\t<div class=\"elementor-element elementor-element-c6365bb elementor-invisible elementor-widget elementor-widget-heading\" data-id=\"c6365bb\" data-element_type=\"widget\" data-settings=\"{&quot;_animation&quot;:&quot;fadeIn&quot;}\" data-widget_type=\"heading.default\">\n\t\t\t\t<div class=\"elementor-widget-container\">\n\t\t\t<h2 class=\"elementor-heading-title elementor-size-default\">Unternehmengeschichte<\/h2>\t\t<\/div>\n\t\t\t\t<\/div>\n\t\t\t\t<div class=\"elementor-element elementor-element-e33b804 elementor-widget-divider--view-line elementor-invisible elementor-widget elementor-widget-divider\" data-id=\"e33b804\" data-element_type=\"widget\" data-settings=\"{&quot;_animation&quot;:&quot;fadeIn&quot;}\" data-widget_type=\"divider.default\">\n\t\t\t\t<div class=\"elementor-widget-container\">\n\t\t\t\t\t<div class=\"elementor-divider\">\n\t\t\t<span class=\"elementor-divider-separator\">\n\t\t\t\t\t\t<\/span>\n\t\t<\/div>\n\t\t\t\t<\/div>\n\t\t\t\t<\/div>\n\t\t\t\t\t\t<\/div>\n\t\t\t\t\t<\/div>\n\t\t<\/div>\n\t\t\t\t\t\t\t\t<\/div>\n\t\t\t\t\t<\/div>\n\t\t<\/section>\n\t\t\t\t<section class=\"elementor-section elementor-top-section elementor-element elementor-element-ed92f9a elementor-section-height-min-height elementor-section-content-middle page-content2 elementor-section-boxed elementor-section-height-default elementor-section-items-middle elementor-invisible\" data-id=\"ed92f9a\" data-element_type=\"section\" data-settings=\"{&quot;animation&quot;:&quot;fadeIn&quot;}\">\n\t\t\t\t\t\t<div class=\"elementor-container elementor-column-gap-default\">\n\t\t\t\t\t\t\t<div class=\"elementor-row\">\n\t\t\t\t\t<div class=\"elementor-column elementor-col-100 elementor-top-column elementor-element elementor-element-e5c270a\" data-id=\"e5c270a\" data-element_type=\"column\">\n\t\t\t<div class=\"elementor-column-wrap elementor-element-populated\">\n\t\t\t\t\t\t\t<div class=\"elementor-widget-wrap\">\n\t\t\t\t\t\t<section class=\"elementor-section elementor-inner-section elementor-element elementor-element-94002fc elementor-section-boxed elementor-section-height-default elementor-section-height-default\" data-id=\"94002fc\" data-element_type=\"section\">\n\t\t\t\t\t\t<div class=\"elementor-container elementor-column-gap-default\">\n\t\t\t\t\t\t\t<div class=\"elementor-row\">\n\t\t\t\t\t<div class=\"elementor-column elementor-col-50 elementor-inner-column elementor-element elementor-element-5b9affa\" data-id=\"5b9affa\" data-element_type=\"column\">\n\t\t\t<div class=\"elementor-column-wrap elementor-element-populated\">\n\t\t\t\t\t\t\t<div class=\"elementor-widget-wrap\">\n\t\t\t\t\t\t<div class=\"elementor-element elementor-element-022a7be elementor-widget elementor-widget-text-editor\" data-id=\"022a7be\" data-element_type=\"widget\" data-widget_type=\"text-editor.default\">\n\t\t\t\t<div class=\"elementor-widget-container\">\n\t\t\t\t\t<div class=\"elementor-text-editor elementor-clearfix\"><p>Das Bauunternehmen Arrabona-Villszer wurde Anfang der 2000er Jahre gegr\u00fcndet und ist seitdem auf dem ungarischen Baumarkt t\u00e4tig und landesweit bekannt. Unser Unternehmen ist zu 100 % in ungarischem Besitz.<\/p>\n<p>In den vergangenen 25 Jahren waren wir in fast allen Bereichen des Bauwesens aktiv: Wir haben nicht nur Wohngeb\u00e4ude, B\u00fcrogeb\u00e4ude, Hotels und Gewerbeimmobilien errichtet, sondern auch andere Industrieanlagen, die erhebliche fachliche Herausforderungen mit sich bringen, wie beispielsweise Kl\u00e4ranlagen, Hallengeb\u00e4ude und Fabrikgeb\u00e4ude.<br>Dank unseres Engagements realisieren wir immer mehr Projekte mit steigendem Umfang: Wir haben bereits \u00fcber 300 Projekte erfolgreich abgeschlossen.<\/p><p>Unsere beruflichen Erfolge verdanken wir unserer hohen technischen Kompetenz, unseren gut ausgebildeten Fachkr\u00e4ften, unseren zuverl\u00e4ssigen Subunternehmern, unseren Lieferantenpartnern und unserem effizienten Corporate-Governance-System.<\/p><p>Zu den Dienstleistungen von ARRABONA-VILLSZER Kft. geh\u00f6ren Elektrobauarbeiten und Elektroinstallationen.<\/p><\/div>\n\t\t\t\t<\/div>\n\t\t\t\t<\/div>\n\t\t\t\t\t\t<\/div>\n\t\t\t\t\t<\/div>\n\t\t<\/div>\n\t\t\t\t<div class=\"elementor-column elementor-col-50 elementor-inner-column elementor-element elementor-element-989c8e7\" data-id=\"989c8e7\" data-element_type=\"column\">\n\t\t\t<div class=\"elementor-column-wrap elementor-element-populated\">\n\t\t\t\t\t\t\t<div class=\"elementor-widget-wrap\">\n\t\t\t\t\t\t<div class=\"elementor-element elementor-element-6a0648b elementor-pagination-position-outside elementor-widget elementor-widget-image-carousel\" data-id=\"6a0648b\" data-element_type=\"widget\" data-settings=\"{&quot;slides_to_show&quot;:&quot;1&quot;,&quot;autoplay_speed&quot;:7000,&quot;effect&quot;:&quot;fade&quot;,&quot;navigation&quot;:&quot;dots&quot;,&quot;slides_to_show_tablet&quot;:&quot;1&quot;,&quot;autoplay&quot;:&quot;yes&quot;,&quot;pause_on_hover&quot;:&quot;yes&quot;,&quot;pause_on_interaction&quot;:&quot;yes&quot;,&quot;infinite&quot;:&quot;yes&quot;,&quot;speed&quot;:500}\" data-widget_type=\"image-carousel.default\">\n\t\t\t\t<div class=\"elementor-widget-container\">\n\t\t\t\t\t<div class=\"elementor-image-carousel-wrapper swiper-container\" dir=\"ltr\">\n\t\t\t<div class=\"elementor-image-carousel swiper-wrapper\">\n\t\t\t\t<div class=\"swiper-slide\"><figure class=\"swiper-slide-inner\"><img decoding=\"async\" class=\"swiper-slide-image\" src=\"https:\/\/www.arrabonavill.hu\/wp-content\/uploads\/2023\/09\/158826D991CF61C9D01CB8D383E34B28.jpg\" alt=\"default\" \/><\/figure><\/div><div class=\"swiper-slide\"><figure class=\"swiper-slide-inner\"><img decoding=\"async\" class=\"swiper-slide-image\" src=\"https:\/\/www.arrabonavill.hu\/wp-content\/uploads\/2023\/09\/77C5F13214E989AAA8B0764FB3F0F4E5.jpg\" alt=\"default\" \/><\/figure><\/div><div class=\"swiper-slide\"><figure class=\"swiper-slide-inner\"><img decoding=\"async\" class=\"swiper-slide-image\" src=\"https:\/\/www.arrabonavill.hu\/wp-content\/uploads\/2023\/09\/2AD42DF5F556D146CD6739674AC088CD.jpg\" alt=\"default\" \/><\/figure><\/div><div class=\"swiper-slide\"><figure class=\"swiper-slide-inner\"><img decoding=\"async\" class=\"swiper-slide-image\" src=\"https:\/\/www.arrabonavill.hu\/wp-content\/uploads\/2023\/09\/8D79E5D028191FAA2212D32981A454C6.jpg\" alt=\"default\" \/><\/figure><\/div><div class=\"swiper-slide\"><figure class=\"swiper-slide-inner\"><img decoding=\"async\" class=\"swiper-slide-image\" src=\"https:\/\/www.arrabonavill.hu\/wp-content\/uploads\/2023\/09\/CF867C26C2324629A5EACBE3281245F7.jpg\" alt=\"default\" \/><\/figure><\/div>\t\t\t<\/div>\n\t\t\t\t\t\t\t\t\t\t\t\t<div class=\"swiper-pagination\"><\/div>\n\t\t\t\t\t\t\t\t\t\t\t\t\t<\/div>\n\t\t\t\t<\/div>\n\t\t\t\t<\/div>\n\t\t\t\t\t\t<\/div>\n\t\t\t\t\t<\/div>\n\t\t<\/div>\n\t\t\t\t\t\t\t\t<\/div>\n\t\t\t\t\t<\/div>\n\t\t<\/section>\n\t\t\t\t<section class=\"elementor-section elementor-inner-section elementor-element elementor-element-310a907 elementor-section-content-middle elementor-reverse-tablet elementor-reverse-mobile elementor-section-boxed elementor-section-height-default elementor-section-height-default elementor-invisible\" data-id=\"310a907\" data-element_type=\"section\" data-settings=\"{&quot;animation&quot;:&quot;fadeIn&quot;}\">\n\t\t\t\t\t\t<div class=\"elementor-container elementor-column-gap-default\">\n\t\t\t\t\t\t\t<div class=\"elementor-row\">\n\t\t\t\t\t<div class=\"elementor-column elementor-col-100 elementor-inner-column elementor-element elementor-element-5a1becf\" data-id=\"5a1becf\" data-element_type=\"column\">\n\t\t\t<div class=\"elementor-column-wrap elementor-element-populated\">\n\t\t\t\t\t\t\t<div class=\"elementor-widget-wrap\">\n\t\t\t\t\t\t<div class=\"elementor-element elementor-element-8d8fbe1 elementor-widget elementor-widget-text-editor\" data-id=\"8d8fbe1\" data-element_type=\"widget\" data-widget_type=\"text-editor.default\">\n\t\t\t\t<div class=\"elementor-widget-container\">\n\t\t\t\t\t<div class=\"elementor-text-editor elementor-clearfix\"><p>Die Gesch\u00e4ftsleitung des Unternehmens erwartet von ihren Mitarbeitern, dass sie Qualit\u00e4t in jeder Phase der Dienstleistung und bei allen damit verbundenen T\u00e4tigkeiten als entscheidenden Faktor betrachten. Unser Unternehmen verf\u00fcgt seit 2013 \u00fcber ein Qualit\u00e4tsmanagementsystem und ist derzeit nach MSZ EN ISO 9001:2015 zertifiziert.<\/p>\n<p>Das Unternehmen verpflichtet sich, von allen Mitarbeitern zu erwarten, dass sie die Qualit\u00e4tspolitik und die im Managementsystem geregelten Prozesse umsetzen, deren Aufrechterhaltung konstruktiv unterst\u00fctzen, sie kontinuierlich weiterentwickeln und die Leistung des Unternehmens verbessern.<\/p>\n<p>Ziel des Systems ist es, die Risiken auf einem akzeptabel niedrigen Niveau zu halten, das langfristige Sicherheit f\u00fcr die Eigent\u00fcmer, Kunden und Mitarbeiter des Unternehmens bietet, und den Kunden die Dienstleistungen des Unternehmens \u2013 im Einklang mit den gesellschaftlichen Anforderungen \u2013 auf einem hohen professionellen Qualit\u00e4tsniveau, unter Einhaltung der geltenden Gesetze und Vorschriften sowie gem\u00e4\u00df den geltenden Standards zu erbringen und sicherzustellen, dass die Aktivit\u00e4ten des Unternehmens den spezifischen und erwarteten Umweltschutzbed\u00fcrfnissen seiner Kunden und Stakeholder entsprechen.<\/p>\n<p><strong>Unser Unternehmen hat sich zum Ziel gesetzt, seine Arbeit nach folgenden Kriterien auszuf\u00fchren:<\/strong><\/p>\n<ul>\n<li>Die Bed\u00fcrfnisse unserer Kunden vollumf\u00e4nglich zu befriedigen und ihre Zufriedenheit zu erreichen und aufrechtzuerhalten, ist ein zentrales Element unserer Gesch\u00e4ftspolitik.<\/li>\n<li>Beim Einkauf von Produkten, die f\u00fcr die Erbringung unserer Dienstleistungen notwendig sind, legen wir Wert auf gute Qualit\u00e4t und verbessern kontinuierlich unser Engagement im Hinblick auf die Komplexit\u00e4t unserer Dienstleistungen.<\/li>\n<li>Die beruflichen Standards unserer Mitarbeiter zu wahren, den Qualit\u00e4tsansatz weiterzuentwickeln, ihre Expertise kontinuierlich auszubauen und gleichzeitig professionelle Schulungen und Verantwortlichkeit f\u00fcr die Mitarbeiter zu gew\u00e4hrleisten.<\/li>\n<li>verantwortungsvolles Arbeiten von allen unseren Mitarbeitern<\/li>\n<\/ul><\/div>\n\t\t\t\t<\/div>\n\t\t\t\t<\/div>\n\t\t\t\t\t\t<\/div>\n\t\t\t\t\t<\/div>\n\t\t<\/div>\n\t\t\t\t\t\t\t\t<\/div>\n\t\t\t\t\t<\/div>\n\t\t<\/section>\n\t\t\t\t<section class=\"elementor-section elementor-inner-section elementor-element elementor-element-7b1cb48 elementor-section-content-middle elementor-reverse-tablet elementor-reverse-mobile elementor-section-boxed elementor-section-height-default elementor-section-height-default\" data-id=\"7b1cb48\" data-element_type=\"section\">\n\t\t\t\t\t\t<div class=\"elementor-container elementor-column-gap-default\">\n\t\t\t\t\t\t\t<div class=\"elementor-row\">\n\t\t\t\t\t<div class=\"elementor-column elementor-col-50 elementor-inner-column elementor-element elementor-element-d8534db\" data-id=\"d8534db\" data-element_type=\"column\">\n\t\t\t<div class=\"elementor-column-wrap elementor-element-populated\">\n\t\t\t\t\t\t\t<div class=\"elementor-widget-wrap\">\n\t\t\t\t\t\t<div class=\"elementor-element elementor-element-f647cf0 elementor-pagination-position-outside elementor-widget elementor-widget-image-carousel\" data-id=\"f647cf0\" data-element_type=\"widget\" data-settings=\"{&quot;slides_to_show&quot;:&quot;1&quot;,&quot;slides_to_show_tablet&quot;:&quot;1&quot;,&quot;navigation&quot;:&quot;dots&quot;,&quot;autoplay&quot;:&quot;yes&quot;,&quot;pause_on_hover&quot;:&quot;yes&quot;,&quot;pause_on_interaction&quot;:&quot;yes&quot;,&quot;autoplay_speed&quot;:5000,&quot;infinite&quot;:&quot;yes&quot;,&quot;effect&quot;:&quot;slide&quot;,&quot;speed&quot;:500}\" data-widget_type=\"image-carousel.default\">\n\t\t\t\t<div class=\"elementor-widget-container\">\n\t\t\t\t\t<div class=\"elementor-image-carousel-wrapper swiper-container\" dir=\"ltr\">\n\t\t\t<div class=\"elementor-image-carousel swiper-wrapper\">\n\t\t\t\t<div class=\"swiper-slide\"><figure class=\"swiper-slide-inner\"><img decoding=\"async\" class=\"swiper-slide-image\" src=\"https:\/\/www.arrabonavill.hu\/wp-content\/uploads\/2020\/12\/EMT-1-739x1024.jpg\" alt=\"arrabona-villszer kft\" \/><\/figure><\/div><div class=\"swiper-slide\"><figure class=\"swiper-slide-inner\"><img decoding=\"async\" class=\"swiper-slide-image\" src=\"https:\/\/www.arrabonavill.hu\/wp-content\/uploads\/2020\/12\/EMT-2-739x1024.jpg\" alt=\"\" \/><\/figure><\/div>\t\t\t<\/div>\n\t\t\t\t\t\t\t\t\t\t\t\t<div class=\"swiper-pagination\"><\/div>\n\t\t\t\t\t\t\t\t\t\t\t\t\t<\/div>\n\t\t\t\t<\/div>\n\t\t\t\t<\/div>\n\t\t\t\t\t\t<\/div>\n\t\t\t\t\t<\/div>\n\t\t<\/div>\n\t\t\t\t<div class=\"elementor-column elementor-col-50 elementor-inner-column elementor-element elementor-element-c45c3c2\" data-id=\"c45c3c2\" data-element_type=\"column\">\n\t\t\t<div class=\"elementor-column-wrap elementor-element-populated\">\n\t\t\t\t\t\t\t<div class=\"elementor-widget-wrap\">\n\t\t\t\t\t\t<div class=\"elementor-element elementor-element-0d0db1e elementor-widget elementor-widget-text-editor\" data-id=\"0d0db1e\" data-element_type=\"widget\" data-widget_type=\"text-editor.default\">\n\t\t\t\t<div class=\"elementor-widget-container\">\n\t\t\t\t\t<div class=\"elementor-text-editor elementor-clearfix\"><h5><strong>Die Strategie unseres Unternehmens<\/strong><\/h5><p>Wir legen gro\u00dfen Wert auf Entwicklung, zuverl\u00e4ssiges und pr\u00e4zises Arbeiten und modernisieren unsere Ausr\u00fcstung kontinuierlich. Wir wissen, dass unsere verantwortungsbewussten, engagierten und kreativen Fachkr\u00e4fte das Fundament unseres Unternehmenserfolgs bilden und f\u00f6rdern daher kontinuierlich die Anzahl und das Fachwissen unserer Mitarbeiter. Auch in Zukunft werden wir alles daransetzen, unsere derzeitigen Marktpositionen zu sichern. Unser Ziel ist es zudem, unsere finanzielle Stabilit\u00e4t zu st\u00e4rken und die notwendigen finanziellen Grundlagen f\u00fcr unser langfristiges Wachstum zu schaffen.<br \/>Wir sind besonders stolz darauf, seit unserer Gr\u00fcndung ein faires Verh\u00e4ltnis zu vielen unserer Partner zu pflegen.<br \/>Unsere Unternehmensphilosophie besagt, dass es in der Verantwortung und Pflicht aller unserer Mitarbeiter und qualifizierten Subunternehmer liegt, die von dem Unternehmen und seinen Partnern erwartete Qualit\u00e4t zu liefern, um unseren Kunden einen maximalen Service zu bieten.<\/p><\/div>\n\t\t\t\t<\/div>\n\t\t\t\t<\/div>\n\t\t\t\t<div class=\"elementor-element elementor-element-e781a6c elementor-widget elementor-widget-testimonial\" data-id=\"e781a6c\" data-element_type=\"widget\" data-widget_type=\"testimonial.default\">\n\t\t\t\t<div class=\"elementor-widget-container\">\n\t\t\t\t\t<div class=\"elementor-testimonial-wrapper elementor-testimonial-text-align-center\">\n\t\t\t\t\t\t\t<div class=\"elementor-testimonial-content\">\u201eDas Vertrauen unserer Kunden ist ein Wert, den wir sch\u00e4tzen, und wir streben jeden Tag danach, es uns zu verdienen.\u201c<\/div>\n\t\t\t\n\t\t\t\t\t\t<div class=\"elementor-testimonial-meta elementor-has-image elementor-testimonial-image-position-aside\">\n\t\t\t\t<div class=\"elementor-testimonial-meta-inner\">\n\t\t\t\t\t\t\t\t\t\t\t<div class=\"elementor-testimonial-image\">\n\t\t\t\t\t\t\t<img loading=\"lazy\" decoding=\"async\" width=\"720\" height=\"720\" src=\"https:\/\/www.arrabonavill.hu\/wp-content\/uploads\/2023\/09\/365756405_3459672827605467_3200713152512375702_n.jpg\" class=\"attachment-full size-full\" alt=\"\" srcset=\"https:\/\/www.arrabonavill.hu\/wp-content\/uploads\/2023\/09\/365756405_3459672827605467_3200713152512375702_n.jpg 720w, https:\/\/www.arrabonavill.hu\/wp-content\/uploads\/2023\/09\/365756405_3459672827605467_3200713152512375702_n-300x300.jpg 300w, https:\/\/www.arrabonavill.hu\/wp-content\/uploads\/2023\/09\/365756405_3459672827605467_3200713152512375702_n-150x150.jpg 150w, https:\/\/www.arrabonavill.hu\/wp-content\/uploads\/2023\/09\/365756405_3459672827605467_3200713152512375702_n-12x12.jpg 12w\" sizes=\"auto, (max-width: 720px) 100vw, 720px\" \/>\t\t\t\t\t\t<\/div>\n\t\t\t\t\t\n\t\t\t\t\t\t\t\t\t\t<div class=\"elementor-testimonial-details\">\n\t\t\t\t\t\t\t\t\t\t\t\t\t\t<div class=\"elementor-testimonial-name\">Gyimesi Csaba<\/div>\n\t\t\t\t\t\t\t\t\t\t\t\t\t\t\t\t\t\t\t\t\t\t<div class=\"elementor-testimonial-job\">Gesch\u00e4ftsf\u00fchrer<\/div>\n\t\t\t\t\t\t\t\t\t\t\t\t\t<\/div>\n\t\t\t\t\t\t\t\t\t<\/div>\n\t\t\t<\/div>\n\t\t\t\t\t<\/div>\n\t\t\t\t<\/div>\n\t\t\t\t<\/div>\n\t\t\t\t\t\t<\/div>\n\t\t\t\t\t<\/div>\n\t\t<\/div>\n\t\t\t\t\t\t\t\t<\/div>\n\t\t\t\t\t<\/div>\n\t\t<\/section>\n\t\t\t\t<div class=\"elementor-element elementor-element-73c0817 elementor-widget elementor-widget-spacer\" data-id=\"73c0817\" data-element_type=\"widget\" data-widget_type=\"spacer.default\">\n\t\t\t\t<div class=\"elementor-widget-container\">\n\t\t\t\t\t<div class=\"elementor-spacer\">\n\t\t\t<div class=\"elementor-spacer-inner\"><\/div>\n\t\t<\/div>\n\t\t\t\t<\/div>\n\t\t\t\t<\/div>\n\t\t\t\t\t\t<\/div>\n\t\t\t\t\t<\/div>\n\t\t<\/div>\n\t\t\t\t\t\t\t\t<\/div>\n\t\t\t\t\t<\/div>\n\t\t<\/section>\n\t\t\t\t\t\t<\/div>\n\t\t\t\t\t\t<\/div>\n\t\t\t\t\t<\/div>","protected":false},"excerpt":{"rendered":"<p>C\u00e9gt\u00f6rt\u00e9net Az Arrabona-Villszer kivitelez\u0151 v\u00e1llalkoz\u00e1s a 2000-es \u00e9vek elej\u00e9n alakult, s az\u00f3ta jelen van a hazai \u00e9p\u00edt\u0151ipari piacon, ismerts\u00e9ge&nbsp;orsz\u00e1gos.&nbsp;C\u00e9g\u00fcnk sz\u00e1z sz\u00e1zal\u00e9kban magyar tulajdonban van. Az eltelt 25 \u00e9v alatt az \u00e9p\u00edt\u0151ipari kivitelez\u00e9s szinte valamennyi ter\u00fclet\u00e9n tev\u00e9kenykedt\u00fcnk: nemcsak lak\u00f3\u00e9p\u00fcleteket, irodah\u00e1zakat, sz\u00e1llod\u00e1t, kereskedelmi l\u00e9tes\u00edtm\u00e9nyeket kivitelezt\u00fcnk, hanem jelent\u0151s szakmai kih\u00edv\u00e1sokat ig\u00e9nyl\u0151 egy\u00e9b ipari l\u00e9tes\u00edtm\u00e9nyeket, \u00fagymint szennyv\u00edztiszt\u00edt\u00f3t, csarnok\u00e9p\u00fcleteket, gy\u00e1r\u00e9p\u00fcleteket.Elhivatotts\u00e1gunknak [&hellip;]<\/p>","protected":false},"author":1,"featured_media":0,"parent":0,"menu_order":0,"comment_status":"closed","ping_status":"closed","template":"elementor_header_footer","meta":{"footnotes":""},"class_list":["post-41","page","type-page","status-publish","hentry"],"_links":{"self":[{"href":"https:\/\/www.arrabonavill.hu\/de\/wp-json\/wp\/v2\/pages\/41","targetHints":{"allow":["GET"]}}],"collection":[{"href":"https:\/\/www.arrabonavill.hu\/de\/wp-json\/wp\/v2\/pages"}],"about":[{"href":"https:\/\/www.arrabonavill.hu\/de\/wp-json\/wp\/v2\/types\/page"}],"author":[{"embeddable":true,"href":"https:\/\/www.arrabonavill.hu\/de\/wp-json\/wp\/v2\/users\/1"}],"replies":[{"embeddable":true,"href":"https:\/\/www.arrabonavill.hu\/de\/wp-json\/wp\/v2\/comments?post=41"}],"version-history":[{"count":0,"href":"https:\/\/www.arrabonavill.hu\/de\/wp-json\/wp\/v2\/pages\/41\/revisions"}],"wp:attachment":[{"href":"https:\/\/www.arrabonavill.hu\/de\/wp-json\/wp\/v2\/media?parent=41"}],"curies":[{"name":"wp","href":"https:\/\/api.w.org\/{rel}","templated":true}]}}