{"id":10944,"date":"2026-02-01T17:10:01","date_gmt":"2026-02-01T16:10:01","guid":{"rendered":"https:\/\/www.arrabonavill.hu\/?page_id=10944"},"modified":"2026-02-21T16:04:11","modified_gmt":"2026-02-21T15:04:11","slug":"generalkivitelezes","status":"publish","type":"page","link":"https:\/\/www.arrabonavill.hu\/de\/generalkivitelezes\/","title":{"rendered":"Schl\u00fcsselfertigbau"},"content":{"rendered":"<div data-elementor-type=\"wp-page\" data-elementor-id=\"10944\" class=\"elementor elementor-10944\" data-elementor-settings=\"[]\">\n\t\t\t\t\t\t<div class=\"elementor-inner\">\n\t\t\t\t\t\t\t<div class=\"elementor-section-wrap\">\n\t\t\t\t\t\t\t<section class=\"elementor-section elementor-top-section elementor-element elementor-element-34a810c elementor-section-height-min-height animated-fast elementor-section-boxed elementor-section-height-default elementor-section-items-middle elementor-invisible\" data-id=\"34a810c\" data-element_type=\"section\" data-settings=\"{&quot;shape_divider_top&quot;:&quot;tilt&quot;,&quot;animation&quot;:&quot;slideInDown&quot;}\">\n\t\t\t\t\t<div class=\"elementor-shape elementor-shape-top\" data-negative=\"false\">\n\t\t\t<svg xmlns=\"http:\/\/www.w3.org\/2000\/svg\" viewbox=\"0 0 1000 100\" preserveaspectratio=\"none\">\n\t<path class=\"elementor-shape-fill\" d=\"M0,6V0h1000v100L0,6z\"\/>\n<\/svg>\t\t<\/div>\n\t\t\t\t\t<div class=\"elementor-container elementor-column-gap-default\">\n\t\t\t\t\t\t\t<div class=\"elementor-row\">\n\t\t\t\t\t<div class=\"elementor-column elementor-col-100 elementor-top-column elementor-element elementor-element-c2ef536\" data-id=\"c2ef536\" data-element_type=\"column\">\n\t\t\t<div class=\"elementor-column-wrap\">\n\t\t\t\t\t\t\t<div class=\"elementor-widget-wrap\">\n\t\t\t\t\t\t\t\t<\/div>\n\t\t\t\t\t<\/div>\n\t\t<\/div>\n\t\t\t\t\t\t\t\t<\/div>\n\t\t\t\t\t<\/div>\n\t\t<\/section>\n\t\t\t\t<section class=\"elementor-section elementor-top-section elementor-element elementor-element-d2637f6 elementor-section-boxed elementor-section-height-default elementor-section-height-default elementor-invisible\" data-id=\"d2637f6\" data-element_type=\"section\" data-settings=\"{&quot;animation&quot;:&quot;fadeIn&quot;}\">\n\t\t\t\t\t\t<div class=\"elementor-container elementor-column-gap-default\">\n\t\t\t\t\t\t\t<div class=\"elementor-row\">\n\t\t\t\t\t<div class=\"elementor-column elementor-col-100 elementor-top-column elementor-element elementor-element-9c9583a\" data-id=\"9c9583a\" data-element_type=\"column\">\n\t\t\t<div class=\"elementor-column-wrap elementor-element-populated\">\n\t\t\t\t\t\t\t<div class=\"elementor-widget-wrap\">\n\t\t\t\t\t\t<section class=\"elementor-section elementor-inner-section elementor-element elementor-element-beda3d9 elementor-section-boxed elementor-section-height-default elementor-section-height-default\" data-id=\"beda3d9\" data-element_type=\"section\">\n\t\t\t\t\t\t<div class=\"elementor-container elementor-column-gap-default\">\n\t\t\t\t\t\t\t<div class=\"elementor-row\">\n\t\t\t\t\t<div class=\"elementor-column elementor-col-50 elementor-inner-column elementor-element elementor-element-d0191ea\" data-id=\"d0191ea\" data-element_type=\"column\">\n\t\t\t<div class=\"elementor-column-wrap elementor-element-populated\">\n\t\t\t\t\t\t\t<div class=\"elementor-widget-wrap\">\n\t\t\t\t\t\t<div class=\"elementor-element elementor-element-b951ff9 elementor-widget elementor-widget-heading\" data-id=\"b951ff9\" data-element_type=\"widget\" data-widget_type=\"heading.default\">\n\t\t\t\t<div class=\"elementor-widget-container\">\n\t\t\t<h2 class=\"elementor-heading-title elementor-size-default\">Schl\u00fcsselfertigbau<\/h2>\t\t<\/div>\n\t\t\t\t<\/div>\n\t\t\t\t<div class=\"elementor-element elementor-element-14f354d elementor-widget-divider--view-line elementor-widget elementor-widget-divider\" data-id=\"14f354d\" data-element_type=\"widget\" data-widget_type=\"divider.default\">\n\t\t\t\t<div class=\"elementor-widget-container\">\n\t\t\t\t\t<div class=\"elementor-divider\">\n\t\t\t<span class=\"elementor-divider-separator\">\n\t\t\t\t\t\t<\/span>\n\t\t<\/div>\n\t\t\t\t<\/div>\n\t\t\t\t<\/div>\n\t\t\t\t<div class=\"elementor-element elementor-element-f45d33a elementor-widget elementor-widget-text-editor\" data-id=\"f45d33a\" data-element_type=\"widget\" data-widget_type=\"text-editor.default\">\n\t\t\t\t<div class=\"elementor-widget-container\">\n\t\t\t\t\t<div class=\"elementor-text-editor elementor-clearfix\"><h5><span style=\"font-size: 16px; font-weight: 500;\">Arrabona Immo Kft. ist seit 2024 als Generalunternehmer und Immobilienentwickler mit Sitz in Gy\u0151r auf dem ungarischen Baumarkt t\u00e4tig. Unser Unternehmen \u00fcbernimmt die komplette Planung und den Generalbau von Industriegeb\u00e4uden, Gewerbeimmobilien und Industriehallen vom Konzept bis zur schl\u00fcsselfertigen \u00dcbergabe.<\/span><\/h5>\n<p>Unser Ziel ist es, unseren Kunden zuverl\u00e4ssige, transparente und technologisch fortschrittliche L\u00f6sungen anzubieten, die langfristig Mehrwert schaffen.<\/p><\/div>\n\t\t\t\t<\/div>\n\t\t\t\t<\/div>\n\t\t\t\t\t\t<\/div>\n\t\t\t\t\t<\/div>\n\t\t<\/div>\n\t\t\t\t<div class=\"elementor-column elementor-col-50 elementor-inner-column elementor-element elementor-element-f8af4ff\" data-id=\"f8af4ff\" data-element_type=\"column\">\n\t\t\t<div class=\"elementor-column-wrap elementor-element-populated\">\n\t\t\t\t\t\t\t<div class=\"elementor-widget-wrap\">\n\t\t\t\t\t\t<div class=\"elementor-element elementor-element-dad5dc7 elementor-widget elementor-widget-image\" data-id=\"dad5dc7\" data-element_type=\"widget\" data-settings=\"{&quot;motion_fx_motion_fx_mouse&quot;:&quot;yes&quot;,&quot;motion_fx_tilt_effect&quot;:&quot;yes&quot;,&quot;motion_fx_tilt_speed&quot;:{&quot;unit&quot;:&quot;px&quot;,&quot;size&quot;:1,&quot;sizes&quot;:[]}}\" data-widget_type=\"image.default\">\n\t\t\t\t<div class=\"elementor-widget-container\">\n\t\t\t\t\t<div class=\"elementor-image\">\n\t\t\t\t\t\t\t\t\t\t<img loading=\"lazy\" decoding=\"async\" width=\"800\" height=\"941\" src=\"https:\/\/www.arrabonavill.hu\/wp-content\/uploads\/2026\/02\/generalkiv_crop-871x1024.jpg\" class=\"attachment-large size-large\" alt=\"\" srcset=\"https:\/\/www.arrabonavill.hu\/wp-content\/uploads\/2026\/02\/generalkiv_crop-871x1024.jpg 871w, https:\/\/www.arrabonavill.hu\/wp-content\/uploads\/2026\/02\/generalkiv_crop-255x300.jpg 255w, https:\/\/www.arrabonavill.hu\/wp-content\/uploads\/2026\/02\/generalkiv_crop-768x903.jpg 768w, https:\/\/www.arrabonavill.hu\/wp-content\/uploads\/2026\/02\/generalkiv_crop-10x12.jpg 10w, https:\/\/www.arrabonavill.hu\/wp-content\/uploads\/2026\/02\/generalkiv_crop.jpg 970w\" sizes=\"auto, (max-width: 800px) 100vw, 800px\" \/>\t\t\t\t\t\t\t\t\t\t\t<\/div>\n\t\t\t\t<\/div>\n\t\t\t\t<\/div>\n\t\t\t\t\t\t<\/div>\n\t\t\t\t\t<\/div>\n\t\t<\/div>\n\t\t\t\t\t\t\t\t<\/div>\n\t\t\t\t\t<\/div>\n\t\t<\/section>\n\t\t\t\t\t\t<\/div>\n\t\t\t\t\t<\/div>\n\t\t<\/div>\n\t\t\t\t\t\t\t\t<\/div>\n\t\t\t\t\t<\/div>\n\t\t<\/section>\n\t\t\t\t<section class=\"elementor-section elementor-top-section elementor-element elementor-element-118af10 elementor-section-boxed elementor-section-height-default elementor-section-height-default elementor-invisible\" data-id=\"118af10\" data-element_type=\"section\" data-settings=\"{&quot;animation&quot;:&quot;fadeIn&quot;}\">\n\t\t\t\t\t\t<div class=\"elementor-container elementor-column-gap-default\">\n\t\t\t\t\t\t\t<div class=\"elementor-row\">\n\t\t\t\t\t<div class=\"elementor-column elementor-col-100 elementor-top-column elementor-element elementor-element-295a95a\" data-id=\"295a95a\" data-element_type=\"column\">\n\t\t\t<div class=\"elementor-column-wrap elementor-element-populated\">\n\t\t\t\t\t\t\t<div class=\"elementor-widget-wrap\">\n\t\t\t\t\t\t<div class=\"elementor-element elementor-element-d9defa7 elementor-widget elementor-widget-text-editor\" data-id=\"d9defa7\" data-element_type=\"widget\" data-widget_type=\"text-editor.default\">\n\t\t\t\t<div class=\"elementor-widget-container\">\n\t\t\t\t\t<div class=\"elementor-text-editor elementor-clearfix\"><h5><strong>Unsere St\u00e4rken und unsere Kreativit\u00e4t bei<\/strong><\/h5>\n<ul>\n<li>Allgemeiner Bau von Industriehallen<\/li>\n<li>Umsetzung von kommerziellen Einrichtungen<\/li>\n<li>Bau von Fabrikhallen und Lagerh\u00e4usern<\/li>\n<li>Vollst\u00e4ndige Designkoordination<\/li>\n<li>Projektmanagement<\/li>\n<li>Schl\u00fcsselfertige Lieferung<br><br><\/li>\n<\/ul>\n<p>Wir gehen jedes Projekt mit einem umfassenden Ansatz an. Von der Entwurfsphase an koordinieren wir branchenspezifische Prozesse, gew\u00e4hrleisten Kostenkontrolle, Einhaltung von Fristen und die kontinuierliche \u00dcberwachung der technischen Qualit\u00e4t.<\/p>\n<h5><strong>Unsere professionelle Herangehensweise<\/strong><\/h5>\n<p>Bei industriellen und gewerblichen Investitionen sind pr\u00e4zise Vorbereitung, genaue Terminplanung und verantwortungsvolle Ausf\u00fchrung von besonderer Bedeutung. Arrabona Immo Kft. m\u00f6chte ein Partner sein, der nicht nur Projekte umsetzt, sondern auch praxisnahe L\u00f6sungen anbietet.<\/p>\n<p>Wir verf\u00fcgen \u00fcber einen soliden Hintergrund im Bereich der Subunternehmerleistungen, ein gut organisiertes Projektmanagement und eine verantwortungsvolle technische Kontrolle, um sicherzustellen, dass die Investitionen unserer Kunden planbar und zu planbaren Kosten umgesetzt werden.<\/p>\n<h5><strong>Unsere Mission<\/strong><\/h5>\n<p>Realisierung wertsch\u00f6pfender, langlebiger und wirtschaftlich betriebener Geb\u00e4ude auf dem ungarischen Industrie- und Gewerbemarkt.<\/p>\n<p>Arrabona Immo Kft. \u2013 Ein zuverl\u00e4ssiger Partner im Industriebau.<\/p><\/div>\n\t\t\t\t<\/div>\n\t\t\t\t<\/div>\n\t\t\t\t<div class=\"elementor-element elementor-element-7580df1 elementor-tablet-align-center elementor-mobile-align-center elementor-widget elementor-widget-button\" data-id=\"7580df1\" data-element_type=\"widget\" data-widget_type=\"button.default\">\n\t\t\t\t<div class=\"elementor-widget-container\">\n\t\t\t\t\t<div class=\"elementor-button-wrapper\">\n\t\t\t<a href=\"https:\/\/www.arrabonavill.hu\/de\/referenciak\/#generalref\" class=\"elementor-button-link elementor-button elementor-size-sm\" role=\"button\">\n\t\t\t\t\t\t<span class=\"elementor-button-content-wrapper\">\n\t\t\t\t\t\t<span class=\"elementor-button-icon elementor-align-icon-right\">\n\t\t\t\t<i aria-hidden=\"true\" class=\"fas fa-chevron-right\"><\/i>\t\t\t<\/span>\n\t\t\t\t\t\t<span class=\"elementor-button-text\">Referenzen<\/span>\n\t\t<\/span>\n\t\t\t\t\t<\/a>\n\t\t<\/div>\n\t\t\t\t<\/div>\n\t\t\t\t<\/div>\n\t\t\t\t<div class=\"elementor-element elementor-element-e522547 elementor-widget elementor-widget-spacer\" data-id=\"e522547\" data-element_type=\"widget\" data-widget_type=\"spacer.default\">\n\t\t\t\t<div class=\"elementor-widget-container\">\n\t\t\t\t\t<div class=\"elementor-spacer\">\n\t\t\t<div class=\"elementor-spacer-inner\"><\/div>\n\t\t<\/div>\n\t\t\t\t<\/div>\n\t\t\t\t<\/div>\n\t\t\t\t\t\t<\/div>\n\t\t\t\t\t<\/div>\n\t\t<\/div>\n\t\t\t\t\t\t\t\t<\/div>\n\t\t\t\t\t<\/div>\n\t\t<\/section>\n\t\t\t\t\t\t<\/div>\n\t\t\t\t\t\t<\/div>\n\t\t\t\t\t<\/div>","protected":false},"excerpt":{"rendered":"<p>Gener\u00e1lkivitelez\u00e9s Az Arrabona Immo Kft. 2024-t\u0151l gy\u0151ri sz\u00e9khely\u0171 gener\u00e1lkivitelez\u0151k\u00e9nt \u00e9s ingatlanfejleszt\u0151k\u00e9nt van jelen a magyar \u00e9p\u00edt\u0151ipari piacon. C\u00e9g\u00fcnk ipari \u00e9p\u00fcletek, kereskedelmi l\u00e9tes\u00edtm\u00e9nyek \u00e9s ipari csarnokok teljes k\u00f6r\u0171 tervez\u00e9s\u00e9t \u00e9s gener\u00e1lkivitelez\u00e9s\u00e9t v\u00e1llalja a koncepci\u00f3t\u00f3l a kulcsrak\u00e9sz \u00e1tad\u00e1sig. C\u00e9lunk, hogy megrendel\u0151ink sz\u00e1m\u00e1ra megb\u00edzhat\u00f3, \u00e1tl\u00e1that\u00f3 \u00e9s magas m\u0171szaki sz\u00ednvonal\u00fa megold\u00e1sokat biztos\u00edtsunk, amelyek hossz\u00fa t\u00e1von is \u00e9rt\u00e9ket teremtenek. Amiben [&hellip;]<\/p>","protected":false},"author":1,"featured_media":0,"parent":0,"menu_order":0,"comment_status":"closed","ping_status":"closed","template":"elementor_header_footer","meta":{"footnotes":""},"class_list":["post-10944","page","type-page","status-publish","hentry"],"_links":{"self":[{"href":"https:\/\/www.arrabonavill.hu\/de\/wp-json\/wp\/v2\/pages\/10944","targetHints":{"allow":["GET"]}}],"collection":[{"href":"https:\/\/www.arrabonavill.hu\/de\/wp-json\/wp\/v2\/pages"}],"about":[{"href":"https:\/\/www.arrabonavill.hu\/de\/wp-json\/wp\/v2\/types\/page"}],"author":[{"embeddable":true,"href":"https:\/\/www.arrabonavill.hu\/de\/wp-json\/wp\/v2\/users\/1"}],"replies":[{"embeddable":true,"href":"https:\/\/www.arrabonavill.hu\/de\/wp-json\/wp\/v2\/comments?post=10944"}],"version-history":[{"count":0,"href":"https:\/\/www.arrabonavill.hu\/de\/wp-json\/wp\/v2\/pages\/10944\/revisions"}],"wp:attachment":[{"href":"https:\/\/www.arrabonavill.hu\/de\/wp-json\/wp\/v2\/media?parent=10944"}],"curies":[{"name":"wp","href":"https:\/\/api.w.org\/{rel}","templated":true}]}}